{"id":2,"date":"2025-04-24T10:41:30","date_gmt":"2025-04-24T08:41:30","guid":{"rendered":"https:\/\/gjerdesystem.no\/?page_id=2"},"modified":"2026-03-08T00:26:53","modified_gmt":"2026-03-07T23:26:53","slug":"testside","status":"publish","type":"page","link":"https:\/\/gjerdesystem.no\/en\/","title":{"rendered":"Forside"},"content":{"rendered":"<p>[et_pb_section fb_built=&raquo;1&#8243; _builder_version=&raquo;4.27.4&#8243; _module_preset=&raquo;default&raquo; background_color=&raquo;#F2F0E8&#8243; background_enable_image=&raquo;off&raquo; height=&raquo;75vh&raquo; custom_padding=&raquo;0px||0px||false|false&raquo; global_colors_info=&raquo;{}&raquo;][et_pb_row _builder_version=&raquo;4.27.4&#8243; _module_preset=&raquo;default&raquo; custom_css_free_form=&raquo;selector {||  position: absolute;||  top:0;||  bottom:0;||  left:0;||  right:0;||  overflow:hidden;||  max-width:100%;||  width:100%;||  padding: 0;||  margin:0:||}&raquo; global_colors_info=&raquo;{}&raquo;][et_pb_column type=&raquo;4_4&#8243; _builder_version=&raquo;4.27.4&#8243; _module_preset=&raquo;default&raquo; global_colors_info=&raquo;{}&raquo;][et_pb_slider show_arrows=&raquo;off&raquo; show_pagination=&raquo;off&raquo; _builder_version=&raquo;4.27.4&#8243; _module_preset=&raquo;default&raquo; positioning=&raquo;absolute&raquo; width=&raquo;100%&raquo; height=&raquo;75vh&raquo; animation_style=&raquo;fade&raquo; auto=&raquo;on&raquo; auto_speed=&raquo;4500&#8243; global_colors_info=&raquo;{}&raquo;][et_pb_slide _builder_version=&raquo;4.27.4&#8243; _module_preset=&raquo;default&raquo; use_background_color_gradient=&raquo;on&raquo; background_color_gradient_stops=&raquo;rgba(216,216,216,0) 30%|rgba(12,36,10,0.85) 100%&raquo; background_color_gradient_overlays_image=&raquo;on&raquo; background_image=&raquo;https:\/\/gjerdesystem.no\/wp-content\/uploads\/2025\/05\/IMG_5368-\u2013-Kopi.jpg&raquo; background_enable_image=&raquo;on&raquo; global_colors_info=&raquo;{}&raquo; sticky_transition=&raquo;on&raquo;][\/et_pb_slide][et_pb_slide _builder_version=&raquo;4.27.4&#8243; _module_preset=&raquo;default&raquo; use_background_color_gradient=&raquo;on&raquo; background_color_gradient_stops=&raquo;rgba(216,216,216,0) 30%|rgba(12,36,10,0.85) 100%&raquo; background_color_gradient_overlays_image=&raquo;on&raquo; background_image=&raquo;https:\/\/gjerdesystem.no\/wp-content\/uploads\/2025\/05\/IMG_5212-\u2013-Kopi.jpg&raquo; background_enable_image=&raquo;on&raquo; global_colors_info=&raquo;{}&raquo; sticky_transition=&raquo;on&raquo;][\/et_pb_slide][et_pb_slide _builder_version=&raquo;4.27.4&#8243; _module_preset=&raquo;default&raquo; use_background_color_gradient=&raquo;on&raquo; background_color_gradient_stops=&raquo;rgba(216,216,216,0) 30%|rgba(12,36,10,0.85) 100%&raquo; background_color_gradient_overlays_image=&raquo;on&raquo; background_image=&raquo;https:\/\/gjerdesystem.no\/wp-content\/uploads\/2025\/05\/IMG_5396-\u2013-Kopi.jpg&raquo; background_enable_image=&raquo;on&raquo; global_colors_info=&raquo;{}&raquo; sticky_transition=&raquo;on&raquo;][\/et_pb_slide][\/et_pb_slider][\/et_pb_column][\/et_pb_row][et_pb_row _builder_version=&raquo;4.27.4&#8243; _module_preset=&raquo;default&raquo; custom_padding=&raquo;||||false|false&raquo; global_colors_info=&raquo;{}&raquo;][et_pb_column type=&raquo;4_4&#8243; _builder_version=&raquo;4.27.4&#8243; _module_preset=&raquo;default&raquo; global_colors_info=&raquo;{}&raquo;][et_pb_text _builder_version=&raquo;4.27.4&#8243; _module_preset=&raquo;default&raquo; header_font=&raquo;|800|||||||&raquo; header_text_color=&raquo;#FFFFFF&raquo; header_font_size=&raquo;55px&raquo; custom_margin=&raquo;50vh||||false|false&raquo; global_colors_info=&raquo;{}&raquo;]<\/p>\n<h1 style=\"text-align: center;\">Sett opp gjerdet 3x raskere<\/h1>\n<h1 style=\"text-align: center;\">\u2013 til halve prisen<\/h1>\n<p>[\/et_pb_text][\/et_pb_column][\/et_pb_row][et_pb_row column_structure=&raquo;1_2,1_2&#8243; _builder_version=&raquo;4.27.4&#8243; _module_preset=&raquo;default&raquo; global_colors_info=&raquo;{}&raquo;][et_pb_column type=&raquo;1_2&#8243; _builder_version=&raquo;4.27.4&#8243; _module_preset=&raquo;default&raquo; global_colors_info=&raquo;{}&raquo;][et_pb_button button_url=&raquo;@ET-DC@eyJkeW5hbWljIjp0cnVlLCJjb250ZW50IjoicG9zdF9saW5rX3VybF9wYWdlIiwic2V0dGluZ3MiOnsicG9zdF9pZCI6IjE4NyJ9fQ==@&raquo; button_text=&raquo;Om Veshovda-konseptet&raquo; button_alignment=&raquo;right&raquo; button_alignment_tablet=&raquo;center&raquo; button_alignment_phone=&raquo;center&raquo; button_alignment_last_edited=&raquo;on|tablet&raquo; _builder_version=&raquo;4.27.4&#8243; _dynamic_attributes=&raquo;button_url&raquo; _module_preset=&raquo;default&raquo; global_colors_info=&raquo;{}&raquo;][\/et_pb_button][\/et_pb_column][et_pb_column type=&raquo;1_2&#8243; _builder_version=&raquo;4.27.4&#8243; _module_preset=&raquo;default&raquo; global_colors_info=&raquo;{}&raquo;][et_pb_button button_url=&raquo;@ET-DC@eyJkeW5hbWljIjp0cnVlLCJjb250ZW50IjoicG9zdF9saW5rX3VybF9wYWdlIiwic2V0dGluZ3MiOnsicG9zdF9pZCI6Ijk0In19@&raquo; button_text=&raquo;Finn forhandler&raquo; button_alignment=&raquo;left&raquo; button_alignment_tablet=&raquo;center&raquo; button_alignment_phone=&raquo;center&raquo; button_alignment_last_edited=&raquo;on|tablet&raquo; _builder_version=&raquo;4.27.4&#8243; _dynamic_attributes=&raquo;button_url&raquo; _module_preset=&raquo;default&raquo; global_colors_info=&raquo;{}&raquo;][\/et_pb_button][\/et_pb_column][\/et_pb_row][\/et_pb_section][et_pb_section fb_built=&raquo;1&#8243; _builder_version=&raquo;4.27.4&#8243; _module_preset=&raquo;default&raquo; global_colors_info=&raquo;{}&raquo;][et_pb_row _builder_version=&raquo;4.27.4&#8243; _module_preset=&raquo;default&raquo; global_colors_info=&raquo;{}&raquo;][et_pb_column type=&raquo;4_4&#8243; _builder_version=&raquo;4.27.4&#8243; _module_preset=&raquo;default&raquo; global_colors_info=&raquo;{}&raquo;][et_pb_text _builder_version=&raquo;4.27.4&#8243; _module_preset=&raquo;131146de-f289-44e4-b1a2-87d69f4d270e&raquo; global_colors_info=&raquo;{}&raquo;]<\/p>\n<p><strong>Lei av tradisjonell gjerding?<\/strong> Oppdag det patenterte norske gjerdesystemet som t\u00e5ler sn\u00f8ras, sparer ryggen din og st\u00e5r vedlikeholdsfritt i 30 \u00e5r. Lett \u00e5 tilpasse ujevnt terreng, fjellnabber,<br \/>veier og bekker. <strong>N\u00e5 kan du ta hele landet i bruk!<\/strong><\/p>\n<p>[\/et_pb_text][\/et_pb_column][\/et_pb_row][et_pb_row column_structure=&raquo;1_3,1_3,1_3&#8243; _builder_version=&raquo;4.27.4&#8243; _module_preset=&raquo;default&raquo; global_colors_info=&raquo;{}&raquo;][et_pb_column type=&raquo;1_3&#8243; _builder_version=&raquo;4.27.4&#8243; _module_preset=&raquo;default&raquo; global_colors_info=&raquo;{}&raquo;][et_pb_image src=&raquo;https:\/\/gjerdesystem.no\/wp-content\/uploads\/2025\/05\/Image-42.jpg&raquo; title_text=&raquo;Veshovda Gjerdesystem&raquo; _builder_version=&raquo;4.27.4&#8243; _module_preset=&raquo;default&raquo; global_colors_info=&raquo;{}&raquo;][\/et_pb_image][et_pb_image src=&raquo;https:\/\/gjerdesystem.no\/wp-content\/uploads\/2025\/05\/knapp1.png&raquo; title_text=&raquo;knapp1&#8243; _builder_version=&raquo;4.27.4&#8243; _module_preset=&raquo;default&raquo; max_width=&raquo;120px&raquo; module_alignment=&raquo;center&raquo; custom_margin=&raquo;-90px||||false|false&raquo; global_colors_info=&raquo;{}&raquo;][\/et_pb_image][et_pb_text _builder_version=&raquo;4.27.4&#8243; _module_preset=&raquo;default&raquo; text_line_height=&raquo;1.6em&raquo; global_colors_info=&raquo;{}&raquo;]<\/p>\n<h2 style=\"text-align: center;\">Norsk Gjerdeteknologi<\/h2>\n<p style=\"text-align: center;\">Patenterte l\u00f8sninger som gj\u00f8r gjerdingen til en enmannsjobb. Like enkelt med eller uten str\u00f8m. Systemet har f\u00e5 komponenter med lav vekt, og kan festes p\u00e5 ulike materialer.<\/p>\n<p>[\/et_pb_text][et_pb_button button_url=&raquo;@ET-DC@eyJkeW5hbWljIjp0cnVlLCJjb250ZW50IjoicG9zdF9saW5rX3VybF9wYWdlIiwic2V0dGluZ3MiOnsicG9zdF9pZCI6Ijg4In19@&raquo; button_text=&raquo;Se produkter og l\u00f8sninger&raquo; button_alignment=&raquo;center&raquo; _builder_version=&raquo;4.27.4&#8243; _dynamic_attributes=&raquo;button_url&raquo; _module_preset=&raquo;default&raquo; global_colors_info=&raquo;{}&raquo;][\/et_pb_button][\/et_pb_column][et_pb_column type=&raquo;1_3&#8243; _builder_version=&raquo;4.27.4&#8243; _module_preset=&raquo;default&raquo; global_colors_info=&raquo;{}&raquo;][et_pb_image src=&raquo;https:\/\/gjerdesystem.no\/wp-content\/uploads\/2025\/05\/shutterstock_1883942605.jpg&raquo; title_text=&raquo;Veshovda Gjerdesystem&raquo; _builder_version=&raquo;4.27.4&#8243; _module_preset=&raquo;default&raquo; global_colors_info=&raquo;{}&raquo;][\/et_pb_image][et_pb_image src=&raquo;https:\/\/gjerdesystem.no\/wp-content\/uploads\/2025\/05\/knapp2.png&raquo; title_text=&raquo;knapp2&#8243; _builder_version=&raquo;4.27.4&#8243; _module_preset=&raquo;default&raquo; max_width=&raquo;120px&raquo; module_alignment=&raquo;center&raquo; custom_margin=&raquo;-90px||||false|false&raquo; global_colors_info=&raquo;{}&raquo;][\/et_pb_image][et_pb_text _builder_version=&raquo;4.27.4&#8243; _module_preset=&raquo;default&raquo; text_line_height=&raquo;1.6em&raquo; global_colors_info=&raquo;{}&raquo;]<\/p>\n<h2 style=\"text-align: center;\">T\u00e5ler alt \u2013 overalt<\/h2>\n<p style=\"text-align: center;\">T\u00e5ler store p\u00e5kjenninger og er lett \u00e5 vedlikeholde. Foretrukket av b\u00f8nder og industri. Utviklet for \u00e5 sprette tilbake etter sn\u00f8ras og br\u00e5tebrann der andre gjerder knekker.<\/p>\n<p>[\/et_pb_text][et_pb_button button_url=&raquo;@ET-DC@eyJkeW5hbWljIjp0cnVlLCJjb250ZW50IjoicG9zdF9saW5rX3VybF9wYWdlIiwic2V0dGluZ3MiOnsicG9zdF9pZCI6IjkwIn19@&raquo; button_text=&raquo;Se bruksomr\u00e5der&raquo; button_alignment=&raquo;center&raquo; _builder_version=&raquo;4.27.4&#8243; _dynamic_attributes=&raquo;button_url&raquo; _module_preset=&raquo;default&raquo; custom_button=&raquo;on&raquo; button_text_color=&raquo;#FFFFFF&raquo; button_bg_color=&raquo;#CCB37B&raquo; global_colors_info=&raquo;{}&raquo;][\/et_pb_button][\/et_pb_column][et_pb_column type=&raquo;1_3&#8243; _builder_version=&raquo;4.27.4&#8243; _module_preset=&raquo;default&raquo; global_colors_info=&raquo;{}&raquo;][et_pb_image src=&raquo;https:\/\/gjerdesystem.no\/wp-content\/uploads\/2025\/05\/shutterstock_1795932898.jpg&raquo; title_text=&raquo;Veshovda Gjerdesystem&raquo; _builder_version=&raquo;4.27.4&#8243; _module_preset=&raquo;default&raquo; global_colors_info=&raquo;{}&raquo;][\/et_pb_image][et_pb_image src=&raquo;https:\/\/gjerdesystem.no\/wp-content\/uploads\/2025\/05\/knapp3.png&raquo; title_text=&raquo;knapp3&#8243; _builder_version=&raquo;4.27.4&#8243; _module_preset=&raquo;default&raquo; max_width=&raquo;120px&raquo; module_alignment=&raquo;center&raquo; custom_margin=&raquo;-90px||||false|false&raquo; global_colors_info=&raquo;{}&raquo;][\/et_pb_image][et_pb_text _builder_version=&raquo;4.27.4&#8243; _module_preset=&raquo;default&raquo; text_line_height=&raquo;1.6em&raquo; global_colors_info=&raquo;{}&raquo;]<\/p>\n<h2 style=\"text-align: center;\">Beregn din fortjeneste<\/h2>\n<p style=\"text-align: center;\">F\u00e5 n\u00f8yaktig vareliste p\u00e5 sekunder. Se n\u00f8yaktig hvor mange dager du sparer i montering sammenlignet med tradisjonelle metoder.<\/p>\n<p>[\/et_pb_text][et_pb_button button_url=&raquo;@ET-DC@eyJkeW5hbWljIjp0cnVlLCJjb250ZW50IjoicG9zdF9saW5rX3VybF9wYWdlIiwic2V0dGluZ3MiOnsicG9zdF9pZCI6IjkyIn19@&raquo; button_text=&raquo;Sjekk gjerdekalkulator&raquo; button_alignment=&raquo;center&raquo; _builder_version=&raquo;4.27.4&#8243; _dynamic_attributes=&raquo;button_url&raquo; _module_preset=&raquo;default&raquo; custom_button=&raquo;on&raquo; button_text_color=&raquo;#FFFFFF&raquo; button_bg_color=&raquo;#0C230A&raquo; global_colors_info=&raquo;{}&raquo;][\/et_pb_button][\/et_pb_column][\/et_pb_row][\/et_pb_section][et_pb_section fb_built=&raquo;1&#8243; _builder_version=&raquo;4.27.4&#8243; _module_preset=&raquo;default&raquo; background_color=&raquo;#F2F0E8&#8243; custom_padding=&raquo;80px||80px||false|false&raquo; global_module=&raquo;254&#8243; saved_tabs=&raquo;all&raquo; global_colors_info=&raquo;{}&raquo;][et_pb_row column_structure=&raquo;1_2,1_2&#8243; _builder_version=&raquo;4.27.4&#8243; _module_preset=&raquo;default&raquo; global_colors_info=&raquo;{}&raquo;][et_pb_column type=&raquo;1_2&#8243; _builder_version=&raquo;4.27.4&#8243; _module_preset=&raquo;default&raquo; global_colors_info=&raquo;{}&raquo;][et_pb_video src=&raquo;https:\/\/player.vimeo.com\/video\/547892226&#8243; _builder_version=&raquo;4.27.4&#8243; _module_preset=&raquo;default&raquo; global_colors_info=&raquo;{}&raquo;][\/et_pb_video][\/et_pb_column][et_pb_column type=&raquo;1_2&#8243; _builder_version=&raquo;4.27.4&#8243; _module_preset=&raquo;default&raquo; global_colors_info=&raquo;{}&raquo;][et_pb_text _builder_version=&raquo;4.27.4&#8243; _module_preset=&raquo;default&raquo; global_colors_info=&raquo;{}&raquo;]<\/p>\n<h2>Slutt \u00e5 reparere \u2013 start \u00e5 gjerde<\/h2>\n<p>Vi ble lei av gjerder som rustet bort og rygger som verket. Derfor skapte vi Veshovda Gjerdesystem. Testet i 25 \u00e5r under de t\u00f8ffeste forholdene Norge har \u00e5 by p\u00e5. Anbefalt av Bondekompaniet for deg som krever det beste.<\/p>\n<p>[\/et_pb_text][et_pb_button button_url=&raquo;@ET-DC@eyJkeW5hbWljIjp0cnVlLCJjb250ZW50IjoicG9zdF9saW5rX3VybF9wYWdlIiwic2V0dGluZ3MiOnsicG9zdF9pZCI6IjE4NyJ9fQ==@&raquo; button_text=&raquo;Les mer om v\u00e5re patenterte l\u00f8sninger&raquo; _builder_version=&raquo;4.27.4&#8243; _dynamic_attributes=&raquo;button_url&raquo; _module_preset=&raquo;default&raquo; global_colors_info=&raquo;{}&raquo;][\/et_pb_button][\/et_pb_column][\/et_pb_row][\/et_pb_section][et_pb_section fb_built=&raquo;1&#8243; _builder_version=&raquo;4.27.4&#8243; _module_preset=&raquo;default&raquo; global_colors_info=&raquo;{}&raquo;][et_pb_row _builder_version=&raquo;4.27.4&#8243; _module_preset=&raquo;default&raquo; global_colors_info=&raquo;{}&raquo;][et_pb_column type=&raquo;4_4&#8243; _builder_version=&raquo;4.27.4&#8243; _module_preset=&raquo;default&raquo; global_colors_info=&raquo;{}&raquo;][et_pb_blog fullwidth=&raquo;off&raquo; posts_number=&raquo;3&#8243; include_categories=&raquo;all&raquo; show_more=&raquo;on&raquo; show_author=&raquo;off&raquo; show_date=&raquo;off&raquo; show_categories=&raquo;off&raquo; show_pagination=&raquo;off&raquo; _builder_version=&raquo;4.27.4&#8243; _module_preset=&raquo;default&raquo; header_font_size=&raquo;18px&raquo; header_line_height=&raquo;1.5em&raquo; body_text_color=&raquo;#000000&#8243; body_line_height=&raquo;1.6em&raquo; custom_css_free_form=&raquo;selector .et_pb_image_container {||\/\/  margin: 0;||  margin-bottom:20px;||}||||selector .column.size-1of3 {||\/\/  margin-right: 3%;||}||||selector .et_pb_post,||selector .entry-title,||selector .post-content{||  padding: 0;||  border: 0;||}||||selector .more-link {||  text-transform: uppercase;||  font-size: 16px;||  text-decoration: underline;||}&raquo; global_colors_info=&raquo;{}&raquo;][\/et_pb_blog][\/et_pb_column][\/et_pb_row][\/et_pb_section][et_pb_section fb_built=&raquo;1&#8243; _builder_version=&raquo;4.27.4&#8243; _module_preset=&raquo;default&raquo; background_color=&raquo;#d6e4cb&raquo; global_module=&raquo;252&#8243; saved_tabs=&raquo;all&raquo; locked=&raquo;off&raquo; global_colors_info=&raquo;{}&raquo;][et_pb_row _builder_version=&raquo;4.27.4&#8243; _module_preset=&raquo;default&raquo; global_colors_info=&raquo;{}&raquo;][et_pb_column type=&raquo;4_4&#8243; _builder_version=&raquo;4.27.4&#8243; _module_preset=&raquo;default&raquo; global_colors_info=&raquo;{}&raquo;][et_pb_text _builder_version=&raquo;4.27.4&#8243; _module_preset=&raquo;131146de-f289-44e4-b1a2-87d69f4d270e&raquo; text_font_size=&raquo;19px&raquo; text_line_height=&raquo;1.7em&raquo; global_colors_info=&raquo;{}&raquo;]<\/p>\n<h2>Gj\u00f8r som hundrevis av smarte<\/h2>\n<h2>norske b\u00f8nder<\/h2>\n<p>Slutt \u00e5 kaste bort penger p\u00e5 utdaterte metoder. Vi har revolusjonert norsk gjerding slik at du kan bruke tiden p\u00e5 det som faktisk betyr noe.<\/p>\n<p>Bestill direkte fra oss eller bes\u00f8k din n\u00e6rmeste <strong>Bondekompaniet<\/strong>-butikk i dag.<\/p>\n<p>[\/et_pb_text][et_pb_text _builder_version=&raquo;4.27.4&#8243; _module_preset=&raquo;default&raquo; global_colors_info=&raquo;{}&raquo;]<\/p>\n<p style=\"text-align: center;\"><a href=\"\/om-oss\/\"><span>Finn min n\u00e6rmeste forhandler<\/span><\/a><\/p>\n<p>[\/et_pb_text][\/et_pb_column][\/et_pb_row][\/et_pb_section][et_pb_section fb_built=&raquo;1&#8243; _builder_version=&raquo;4.27.4&#8243; _module_preset=&raquo;default&raquo; global_colors_info=&raquo;{}&raquo;][et_pb_row _builder_version=&raquo;4.27.4&#8243; _module_preset=&raquo;default&raquo; global_colors_info=&raquo;{}&raquo;][et_pb_column type=&raquo;4_4&#8243; _builder_version=&raquo;4.27.4&#8243; _module_preset=&raquo;default&raquo; global_colors_info=&raquo;{}&raquo;][et_pb_gallery gallery_ids=&raquo;452,453,454,455&#8243; show_title_and_caption=&raquo;off&raquo; show_pagination=&raquo;off&raquo; _builder_version=&raquo;4.27.4&#8243; _module_preset=&raquo;default&raquo; global_colors_info=&raquo;{}&raquo;][\/et_pb_gallery][\/et_pb_column][\/et_pb_row][\/et_pb_section]<\/p>\n","protected":false},"excerpt":{"rendered":"<p>Sett opp gjerdet 3x raskere \u2013 til halve prisenLei av tradisjonell gjerding? Oppdag det patenterte norske gjerdesystemet som t\u00e5ler sn\u00f8ras, sparer ryggen din og st\u00e5r vedlikeholdsfritt i 30 \u00e5r. Lett \u00e5 tilpasse ujevnt terreng, fjellnabber,veier og bekker. N\u00e5 kan du ta hele landet i bruk!Norsk Gjerdeteknologi Patenterte l\u00f8sninger som gj\u00f8r gjerdingen til en enmannsjobb. Like [&hellip;]<\/p>\n","protected":false},"author":1,"featured_media":136,"parent":0,"menu_order":0,"comment_status":"closed","ping_status":"open","template":"","meta":{"_et_pb_use_builder":"on","_et_pb_old_content":"","_et_gb_content_width":"","footnotes":""},"class_list":["post-2","page","type-page","status-publish","has-post-thumbnail","hentry"],"yoast_head":"<!-- This site is optimized with the Yoast SEO plugin v27.4 - https:\/\/yoast.com\/product\/yoast-seo-wordpress\/ -->\n<title>Forside - Veshovda Gjerdesystem<\/title>\n<meta name=\"robots\" content=\"index, follow, max-snippet:-1, max-image-preview:large, max-video-preview:-1\" \/>\n<link rel=\"canonical\" href=\"https:\/\/gjerdesystem.no\/en\/\" \/>\n<meta property=\"og:locale\" content=\"en_GB\" \/>\n<meta property=\"og:type\" content=\"article\" \/>\n<meta property=\"og:title\" content=\"Forside - Veshovda Gjerdesystem\" \/>\n<meta property=\"og:description\" content=\"Sett opp gjerdet 3x raskere \u2013 til halve prisenLei av tradisjonell gjerding? Oppdag det patenterte norske gjerdesystemet som t\u00e5ler sn\u00f8ras, sparer ryggen din og st\u00e5r vedlikeholdsfritt i 30 \u00e5r. Lett \u00e5 tilpasse ujevnt terreng, fjellnabber,veier og bekker. N\u00e5 kan du ta hele landet i bruk!Norsk Gjerdeteknologi Patenterte l\u00f8sninger som gj\u00f8r gjerdingen til en enmannsjobb. Like [&hellip;]\" \/>\n<meta property=\"og:url\" content=\"https:\/\/gjerdesystem.no\/en\/\" \/>\n<meta property=\"og:site_name\" content=\"Veshovda Gjerdesystem\" \/>\n<meta property=\"article:modified_time\" content=\"2026-03-07T23:26:53+00:00\" \/>\n<meta property=\"og:image\" content=\"https:\/\/gjerdesystem.no\/wp-content\/uploads\/2025\/05\/IMG_5330-\u2013-Kopi-scaled.jpg\" \/>\n\t<meta property=\"og:image:width\" content=\"2560\" \/>\n\t<meta property=\"og:image:height\" content=\"1707\" \/>\n\t<meta property=\"og:image:type\" content=\"image\/jpeg\" \/>\n<meta name=\"twitter:card\" content=\"summary_large_image\" \/>\n<meta name=\"twitter:label1\" content=\"Estimated reading time\" \/>\n\t<meta name=\"twitter:data1\" content=\"5 minutes\" \/>\n<script type=\"application\/ld+json\" class=\"yoast-schema-graph\">{\"@context\":\"https:\\\/\\\/schema.org\",\"@graph\":[{\"@type\":\"WebPage\",\"@id\":\"https:\\\/\\\/gjerdesystem.no\\\/\",\"url\":\"https:\\\/\\\/gjerdesystem.no\\\/\",\"name\":\"Forside - Veshovda Gjerdesystem\",\"isPartOf\":{\"@id\":\"https:\\\/\\\/gjerdesystem.no\\\/#website\"},\"primaryImageOfPage\":{\"@id\":\"https:\\\/\\\/gjerdesystem.no\\\/#primaryimage\"},\"image\":{\"@id\":\"https:\\\/\\\/gjerdesystem.no\\\/#primaryimage\"},\"thumbnailUrl\":\"https:\\\/\\\/gjerdesystem.no\\\/wp-content\\\/uploads\\\/2025\\\/05\\\/IMG_5330-\u2013-Kopi-scaled.jpg\",\"datePublished\":\"2025-04-24T08:41:30+00:00\",\"dateModified\":\"2026-03-07T23:26:53+00:00\",\"breadcrumb\":{\"@id\":\"https:\\\/\\\/gjerdesystem.no\\\/#breadcrumb\"},\"inLanguage\":\"en-GB\",\"potentialAction\":[{\"@type\":\"ReadAction\",\"target\":[\"https:\\\/\\\/gjerdesystem.no\\\/\"]}]},{\"@type\":\"ImageObject\",\"inLanguage\":\"en-GB\",\"@id\":\"https:\\\/\\\/gjerdesystem.no\\\/#primaryimage\",\"url\":\"https:\\\/\\\/gjerdesystem.no\\\/wp-content\\\/uploads\\\/2025\\\/05\\\/IMG_5330-\u2013-Kopi-scaled.jpg\",\"contentUrl\":\"https:\\\/\\\/gjerdesystem.no\\\/wp-content\\\/uploads\\\/2025\\\/05\\\/IMG_5330-\u2013-Kopi-scaled.jpg\",\"width\":2560,\"height\":1707},{\"@type\":\"BreadcrumbList\",\"@id\":\"https:\\\/\\\/gjerdesystem.no\\\/#breadcrumb\",\"itemListElement\":[{\"@type\":\"ListItem\",\"position\":1,\"name\":\"Hjem\",\"item\":\"https:\\\/\\\/gjerdesystem.no\\\/\"},{\"@type\":\"ListItem\",\"position\":2,\"name\":\"Forside\"}]},{\"@type\":\"WebSite\",\"@id\":\"https:\\\/\\\/gjerdesystem.no\\\/#website\",\"url\":\"https:\\\/\\\/gjerdesystem.no\\\/\",\"name\":\"Veshovda Gjerdesystem\",\"description\":\"Ta hele landet i bruk\",\"potentialAction\":[{\"@type\":\"SearchAction\",\"target\":{\"@type\":\"EntryPoint\",\"urlTemplate\":\"https:\\\/\\\/gjerdesystem.no\\\/?s={search_term_string}\"},\"query-input\":{\"@type\":\"PropertyValueSpecification\",\"valueRequired\":true,\"valueName\":\"search_term_string\"}}],\"inLanguage\":\"en-GB\"}]}<\/script>\n<!-- \/ Yoast SEO plugin. -->","yoast_head_json":{"title":"Forside - Veshovda Gjerdesystem","robots":{"index":"index","follow":"follow","max-snippet":"max-snippet:-1","max-image-preview":"max-image-preview:large","max-video-preview":"max-video-preview:-1"},"canonical":"https:\/\/gjerdesystem.no\/en\/","og_locale":"en_GB","og_type":"article","og_title":"Forside - Veshovda Gjerdesystem","og_description":"Sett opp gjerdet 3x raskere \u2013 til halve prisenLei av tradisjonell gjerding? Oppdag det patenterte norske gjerdesystemet som t\u00e5ler sn\u00f8ras, sparer ryggen din og st\u00e5r vedlikeholdsfritt i 30 \u00e5r. Lett \u00e5 tilpasse ujevnt terreng, fjellnabber,veier og bekker. N\u00e5 kan du ta hele landet i bruk!Norsk Gjerdeteknologi Patenterte l\u00f8sninger som gj\u00f8r gjerdingen til en enmannsjobb. Like [&hellip;]","og_url":"https:\/\/gjerdesystem.no\/en\/","og_site_name":"Veshovda Gjerdesystem","article_modified_time":"2026-03-07T23:26:53+00:00","og_image":[{"width":2560,"height":1707,"url":"https:\/\/gjerdesystem.no\/wp-content\/uploads\/2025\/05\/IMG_5330-\u2013-Kopi-scaled.jpg","type":"image\/jpeg"}],"twitter_card":"summary_large_image","twitter_misc":{"Estimated reading time":"5 minutes"},"schema":{"@context":"https:\/\/schema.org","@graph":[{"@type":"WebPage","@id":"https:\/\/gjerdesystem.no\/","url":"https:\/\/gjerdesystem.no\/","name":"Forside - Veshovda Gjerdesystem","isPartOf":{"@id":"https:\/\/gjerdesystem.no\/#website"},"primaryImageOfPage":{"@id":"https:\/\/gjerdesystem.no\/#primaryimage"},"image":{"@id":"https:\/\/gjerdesystem.no\/#primaryimage"},"thumbnailUrl":"https:\/\/gjerdesystem.no\/wp-content\/uploads\/2025\/05\/IMG_5330-\u2013-Kopi-scaled.jpg","datePublished":"2025-04-24T08:41:30+00:00","dateModified":"2026-03-07T23:26:53+00:00","breadcrumb":{"@id":"https:\/\/gjerdesystem.no\/#breadcrumb"},"inLanguage":"en-GB","potentialAction":[{"@type":"ReadAction","target":["https:\/\/gjerdesystem.no\/"]}]},{"@type":"ImageObject","inLanguage":"en-GB","@id":"https:\/\/gjerdesystem.no\/#primaryimage","url":"https:\/\/gjerdesystem.no\/wp-content\/uploads\/2025\/05\/IMG_5330-\u2013-Kopi-scaled.jpg","contentUrl":"https:\/\/gjerdesystem.no\/wp-content\/uploads\/2025\/05\/IMG_5330-\u2013-Kopi-scaled.jpg","width":2560,"height":1707},{"@type":"BreadcrumbList","@id":"https:\/\/gjerdesystem.no\/#breadcrumb","itemListElement":[{"@type":"ListItem","position":1,"name":"Hjem","item":"https:\/\/gjerdesystem.no\/"},{"@type":"ListItem","position":2,"name":"Forside"}]},{"@type":"WebSite","@id":"https:\/\/gjerdesystem.no\/#website","url":"https:\/\/gjerdesystem.no\/","name":"Veshovda Fencing System","description":"Make use of the whole country","potentialAction":[{"@type":"SearchAction","target":{"@type":"EntryPoint","urlTemplate":"https:\/\/gjerdesystem.no\/?s={search_term_string}"},"query-input":{"@type":"PropertyValueSpecification","valueRequired":true,"valueName":"search_term_string"}}],"inLanguage":"en-GB"}]}},"_links":{"self":[{"href":"https:\/\/gjerdesystem.no\/en\/wp-json\/wp\/v2\/pages\/2","targetHints":{"allow":["GET"]}}],"collection":[{"href":"https:\/\/gjerdesystem.no\/en\/wp-json\/wp\/v2\/pages"}],"about":[{"href":"https:\/\/gjerdesystem.no\/en\/wp-json\/wp\/v2\/types\/page"}],"author":[{"embeddable":true,"href":"https:\/\/gjerdesystem.no\/en\/wp-json\/wp\/v2\/users\/1"}],"replies":[{"embeddable":true,"href":"https:\/\/gjerdesystem.no\/en\/wp-json\/wp\/v2\/comments?post=2"}],"version-history":[{"count":16,"href":"https:\/\/gjerdesystem.no\/en\/wp-json\/wp\/v2\/pages\/2\/revisions"}],"predecessor-version":[{"id":507,"href":"https:\/\/gjerdesystem.no\/en\/wp-json\/wp\/v2\/pages\/2\/revisions\/507"}],"wp:featuredmedia":[{"embeddable":true,"href":"https:\/\/gjerdesystem.no\/en\/wp-json\/wp\/v2\/media\/136"}],"wp:attachment":[{"href":"https:\/\/gjerdesystem.no\/en\/wp-json\/wp\/v2\/media?parent=2"}],"curies":[{"name":"wp","href":"https:\/\/api.w.org\/{rel}","templated":true}]}}