{"id":232,"date":"2025-06-04T15:28:34","date_gmt":"2025-06-04T13:28:34","guid":{"rendered":"https:\/\/gjerdesystem.no\/?page_id=232"},"modified":"2025-06-10T12:05:11","modified_gmt":"2025-06-10T10:05:11","slug":"gjerdepale-kompositt","status":"publish","type":"page","link":"https:\/\/gjerdesystem.no\/en\/produkter\/gjerdepale-kompositt\/","title":{"rendered":"Gjerdep\u00e5le composite"},"content":{"rendered":"<p>[et_pb_section fb_built=&raquo;1&#8243; _builder_version=&raquo;4.27.4&#8243; _module_preset=&raquo;default&raquo; custom_margin=&raquo;||||false|false&raquo; custom_padding=&raquo;90px||||false|false&raquo; locked=&raquo;off&raquo; global_colors_info=&raquo;{}&raquo;][et_pb_row _builder_version=&raquo;4.27.4&#8243; _module_preset=&raquo;default&raquo; global_colors_info=&raquo;{}&raquo;][et_pb_column type=&raquo;4_4&#8243; _builder_version=&raquo;4.27.4&#8243; _module_preset=&raquo;default&raquo; global_colors_info=&raquo;{}&raquo;][et_pb_text _builder_version=&raquo;4.27.4&#8243; _module_preset=&raquo;131146de-f289-44e4-b1a2-87d69f4d270e&raquo; link_text_color=&raquo;#96BC7C&raquo; global_colors_info=&raquo;{}&raquo;]<\/p>\n<p style=\"text-align: center;\"><a href=\"\/produkter\/\"><strong>Produkter<\/strong><\/a><\/p>\n<h1 style=\"text-align: center;\">Gjerdep\u00e5le kompositt<\/h1>\n<p>&nbsp;<\/p>\n<p style=\"text-align: center;\">Veshovda gjerdep\u00e5le kompositt er en superlett gjerdestolpe som kun veier 1 kg. Topp kvalitet laget for norske forhold.\u00a0<\/p>\n<p>[\/et_pb_text][\/et_pb_column][\/et_pb_row][\/et_pb_section][et_pb_section fb_built=&raquo;1&#8243; _builder_version=&raquo;4.27.4&#8243; _module_preset=&raquo;default&raquo; locked=&raquo;off&raquo; global_colors_info=&raquo;{}&raquo;][et_pb_row column_structure=&raquo;1_2,1_2&#8243; _builder_version=&raquo;4.27.4&#8243; _module_preset=&raquo;default&raquo; global_colors_info=&raquo;{}&raquo;][et_pb_column type=&raquo;1_2&#8243; _builder_version=&raquo;4.27.4&#8243; _module_preset=&raquo;default&raquo; global_colors_info=&raquo;{}&raquo;][et_pb_image src=&raquo;https:\/\/gjerdesystem.no\/wp-content\/uploads\/2025\/05\/Image-24.jpg&raquo; title_text=&raquo;Veshovda Gjerdesystem&raquo; show_in_lightbox=&raquo;on&raquo; force_fullwidth=&raquo;on&raquo; _builder_version=&raquo;4.27.4&#8243; _module_preset=&raquo;default&raquo; global_colors_info=&raquo;{}&raquo;][\/et_pb_image][et_pb_image src=&raquo;https:\/\/gjerdesystem.no\/wp-content\/uploads\/2025\/06\/vg.jpg&raquo; title_text=&raquo;Gjerdep\u00e5le kompositt &#8211; Veshovda Gjerdesystem&raquo; show_in_lightbox=&raquo;on&raquo; align=&raquo;center&raquo; _builder_version=&raquo;4.27.4&#8243; _module_preset=&raquo;default&raquo; max_width=&raquo;360px&raquo; global_colors_info=&raquo;{}&raquo;][\/et_pb_image][\/et_pb_column][et_pb_column type=&raquo;1_2&#8243; _builder_version=&raquo;4.27.4&#8243; _module_preset=&raquo;default&raquo; global_colors_info=&raquo;{}&raquo;][et_pb_text _builder_version=&raquo;4.27.4&#8243; _module_preset=&raquo;34a150ee-28dd-4e9f-aa04-43e684530286&#8243; global_colors_info=&raquo;{}&raquo;]<\/p>\n<p>Veshovda gjerdep\u00e5le kompositt er en superlett gjerdestolpe som kun veier 1 kg. Topp kvalitet laget for norske forhold.<\/p>\n<p>Samme styrke som armeringsjern, ruster ikke, holder visuellt p\u00e5 fargen og er lett \u00e5 ta med seg. En p\u00e5le for alle typer gjerdehold.<\/p>\n<p>&nbsp;<\/p>\n<ul>\n<li>Kompositt<\/li>\n<li>Veier kun 1 kg<\/li>\n<li>Kvalitetsprodukt<\/li>\n<li>Lengde 1,5 meter<\/li>\n<li>Diameter \u00d825 mm<\/li>\n<\/ul>\n<p>[\/et_pb_text][et_pb_button button_url=&raquo;@ET-DC@eyJkeW5hbWljIjp0cnVlLCJjb250ZW50IjoicG9zdF9saW5rX3VybF9wYWdlIiwic2V0dGluZ3MiOnsicG9zdF9pZCI6IjkyIn19@&raquo; button_text=&raquo;Beregn pris \u2013 gjeredekalkulator&raquo; _builder_version=&raquo;4.27.4&#8243; _dynamic_attributes=&raquo;button_url&raquo; _module_preset=&raquo;default&raquo; custom_button=&raquo;on&raquo; button_text_size=&raquo;18px&raquo; custom_padding=&raquo;10px|25px|10px|25px|false|false&raquo; global_colors_info=&raquo;{}&raquo;][\/et_pb_button][\/et_pb_column][\/et_pb_row][et_pb_row _builder_version=&raquo;4.27.4&#8243; _module_preset=&raquo;default&raquo; global_colors_info=&raquo;{}&raquo;][et_pb_column type=&raquo;4_4&#8243; _builder_version=&raquo;4.27.4&#8243; _module_preset=&raquo;default&raquo; global_colors_info=&raquo;{}&raquo;][et_pb_text _builder_version=&raquo;4.27.4&#8243; _module_preset=&raquo;default&raquo; global_colors_info=&raquo;{}&raquo;]<\/p>\n<p><strong>Bildegalleri<\/strong><\/p>\n<p>[\/et_pb_text][et_pb_gallery gallery_ids=&raquo;206,207,208,209&#8243; show_title_and_caption=&raquo;off&raquo; show_pagination=&raquo;off&raquo; _builder_version=&raquo;4.27.4&#8243; _module_preset=&raquo;default&raquo; global_colors_info=&raquo;{}&raquo;][\/et_pb_gallery][\/et_pb_column][\/et_pb_row][\/et_pb_section][et_pb_section fb_built=&raquo;1&#8243; _builder_version=&raquo;4.27.4&#8243; _module_preset=&raquo;default&raquo; background_color=&raquo;#F2F0E8&#8243; global_module=&raquo;216&#8243; saved_tabs=&raquo;all&raquo; global_colors_info=&raquo;{}&raquo;][et_pb_row column_structure=&raquo;1_2,1_2&#8243; _builder_version=&raquo;4.27.4&#8243; _module_preset=&raquo;default&raquo; global_colors_info=&raquo;{}&raquo;][et_pb_column type=&raquo;1_2&#8243; _builder_version=&raquo;4.27.4&#8243; _module_preset=&raquo;default&raquo; global_colors_info=&raquo;{}&raquo;][et_pb_text _builder_version=&raquo;4.27.4&#8243; _module_preset=&raquo;default&raquo; global_colors_info=&raquo;{}&raquo;]<\/p>\n<p><strong>Introduksjon Veshovda Gjerdesystem <\/strong><\/p>\n<p>[\/et_pb_text][et_pb_video src=&raquo;https:\/\/youtu.be\/gpQLdjyFH4o&raquo; _builder_version=&raquo;4.27.4&#8243; _module_preset=&raquo;default&raquo; global_colors_info=&raquo;{}&raquo;][\/et_pb_video][\/et_pb_column][et_pb_column type=&raquo;1_2&#8243; _builder_version=&raquo;4.27.4&#8243; _module_preset=&raquo;default&raquo; global_colors_info=&raquo;{}&raquo;][et_pb_text _builder_version=&raquo;4.27.4&#8243; _module_preset=&raquo;default&raquo; global_colors_info=&raquo;{}&raquo;]<\/p>\n<p><strong>Oppsett Veshovda Gjerdesystem <\/strong><\/p>\n<p>[\/et_pb_text][et_pb_video src=&raquo;https:\/\/player.vimeo.com\/video\/547892226&#8243; _builder_version=&raquo;4.27.4&#8243; _module_preset=&raquo;default&raquo; locked=&raquo;off&raquo; global_colors_info=&raquo;{}&raquo;][\/et_pb_video][\/et_pb_column][\/et_pb_row][et_pb_row column_structure=&raquo;1_2,1_2&#8243; _builder_version=&raquo;4.27.4&#8243; _module_preset=&raquo;default&raquo; global_colors_info=&raquo;{}&raquo;][et_pb_column type=&raquo;1_2&#8243; _builder_version=&raquo;4.27.4&#8243; _module_preset=&raquo;default&raquo; global_colors_info=&raquo;{}&raquo;][et_pb_text _builder_version=&raquo;4.27.4&#8243; _module_preset=&raquo;default&raquo; global_colors_info=&raquo;{}&raquo;]<\/p>\n<p><strong>Veshovda Gjerdesystem grindl\u00f8sning<\/strong><\/p>\n<p>[\/et_pb_text][et_pb_video src=&raquo;https:\/\/youtu.be\/rOJ5mWqHZUw&raquo; _builder_version=&raquo;4.27.4&#8243; _module_preset=&raquo;default&raquo; global_colors_info=&raquo;{}&raquo;][\/et_pb_video][\/et_pb_column][et_pb_column type=&raquo;1_2&#8243; _builder_version=&raquo;4.27.4&#8243; _module_preset=&raquo;default&raquo; global_colors_info=&raquo;{}&raquo;][et_pb_text _builder_version=&raquo;4.27.4&#8243; _module_preset=&raquo;default&raquo; global_colors_info=&raquo;{}&raquo;]<\/p>\n<p><strong>Last ned: Monteringsveiledning<\/strong><\/p>\n<p>[\/et_pb_text][et_pb_image src=&raquo;https:\/\/gjerdesystem.no\/wp-content\/uploads\/2025\/06\/montering-2.jpg&raquo; title_text=&raquo;Monteringsanvisninger &#8211; Veshovda gjerdesystem&raquo; url=&raquo;@ET-DC@eyJkeW5hbWljIjp0cnVlLCJjb250ZW50IjoicG9zdF9saW5rX3VybF9hdHRhY2htZW50Iiwic2V0dGluZ3MiOnsicG9zdF9pZCI6IjIxMiJ9fQ==@&raquo; _builder_version=&raquo;4.27.4&#8243; _dynamic_attributes=&raquo;url&raquo; _module_preset=&raquo;default&raquo; global_colors_info=&raquo;{}&raquo;][\/et_pb_image][\/et_pb_column][\/et_pb_row][\/et_pb_section][et_pb_section fb_built=&raquo;1&#8243; _builder_version=&raquo;4.27.4&#8243; _module_preset=&raquo;default&raquo; background_color=&raquo;#ded9c5&#8243; locked=&raquo;off&raquo; global_colors_info=&raquo;{}&raquo;][et_pb_row _builder_version=&raquo;4.27.4&#8243; _module_preset=&raquo;default&raquo; global_colors_info=&raquo;{}&raquo;][et_pb_column type=&raquo;4_4&#8243; _builder_version=&raquo;4.27.4&#8243; _module_preset=&raquo;default&raquo; global_colors_info=&raquo;{}&raquo;][et_pb_text _builder_version=&raquo;4.27.4&#8243; _module_preset=&raquo;762006ab-b02a-4933-b08d-7540c9e3fc5e&raquo; global_colors_info=&raquo;{}&raquo;]<\/p>\n<p>Veshovdagjerde er s\u00e6rdeles bra her i Sirdal hvor vi kan f\u00e5 store mengder sn\u00f8. Med tradisjonelt gjerde brukte vi dagevis p\u00e5 \u00e5 ta ned om h\u00f8sten og opp igjen om v\u00e5ren. N\u00e5 g\u00e5r dette unna p\u00e5 noen f\u00e5 timer.<\/p>\n<p><em>Aadne \u00c5dneram Sauebonde i \u00d8vre Sirdal<\/em><\/p>\n<p>[\/et_pb_text][\/et_pb_column][\/et_pb_row][\/et_pb_section][et_pb_section fb_built=&raquo;1&#8243; _builder_version=&raquo;4.27.4&#8243; _module_preset=&raquo;default&raquo; custom_margin=&raquo;||||false|false&raquo; custom_padding=&raquo;90px||||false|false&raquo; locked=&raquo;off&raquo; global_colors_info=&raquo;{}&raquo;][et_pb_row _builder_version=&raquo;4.27.4&#8243; _module_preset=&raquo;default&raquo; global_colors_info=&raquo;{}&raquo;][et_pb_column type=&raquo;4_4&#8243; _builder_version=&raquo;4.27.4&#8243; _module_preset=&raquo;default&raquo; global_colors_info=&raquo;{}&raquo;][et_pb_text _builder_version=&raquo;4.27.4&#8243; _module_preset=&raquo;131146de-f289-44e4-b1a2-87d69f4d270e&raquo; global_colors_info=&raquo;{}&raquo;]<\/p>\n<h2 style=\"text-align: center;\">Tilh\u00f8rende produkter<\/h2>\n<p>[\/et_pb_text][\/et_pb_column][\/et_pb_row][et_pb_row column_structure=&raquo;1_4,1_4,1_4,1_4&#8243; use_custom_gutter=&raquo;on&raquo; gutter_width=&raquo;1&#8243; make_equal=&raquo;on&raquo; _builder_version=&raquo;4.27.4&#8243; _module_preset=&raquo;default&raquo; background_color=&raquo;RGBA(255,255,255,0)&raquo; custom_margin=&raquo;||40px||false|false&raquo; custom_padding=&raquo;0px||0px||false|false&raquo; locked=&raquo;off&raquo; global_colors_info=&raquo;{}&raquo;][et_pb_column type=&raquo;1_4&#8243; _builder_version=&raquo;4.27.4&#8243; _module_preset=&raquo;default&raquo; background_color=&raquo;#F2F0E8&#8243; border_width_all=&raquo;5px&raquo; border_color_all=&raquo;#FFFFFF&raquo; global_colors_info=&raquo;{}&raquo;][et_pb_image src=&raquo;https:\/\/gjerdesystem.no\/wp-content\/uploads\/2025\/06\/02Image-21.jpg&raquo; title_text=&raquo;Veshovda MAXIbrakett &#8211; Veshovda Gjerdesystem&raquo; _builder_version=&raquo;4.27.4&#8243; _module_preset=&raquo;default&raquo; global_colors_info=&raquo;{}&raquo;][\/et_pb_image][et_pb_text _builder_version=&raquo;4.27.4&#8243; _module_preset=&raquo;default&raquo; text_font_size=&raquo;16px&raquo; text_line_height=&raquo;1.6em&raquo; header_2_font_size=&raquo;18px&raquo; custom_margin=&raquo;40px|30px|31px|30px|false|false&raquo; global_colors_info=&raquo;{}&raquo;]<\/p>\n<h2>VeshovdaMAXI &#8211; Brakett<\/h2>\n<p><span>VeshovdaMAXI er beregnet som tr\u00e5d \u2013 og b\u00e5ndholder for jernp\u00e5ler max 25 mm diameter.<\/span><\/p>\n<p>[\/et_pb_text][et_pb_button button_url=&raquo;@ET-DC@eyJkeW5hbWljIjp0cnVlLCJjb250ZW50IjoicG9zdF9saW5rX3VybF9wYWdlIiwic2V0dGluZ3MiOnsicG9zdF9pZCI6IjE5OSJ9fQ==@&raquo; button_text=&raquo;Les mer&raquo; _builder_version=&raquo;4.27.4&#8243; _dynamic_attributes=&raquo;button_url&raquo; _module_preset=&raquo;default&raquo; custom_button=&raquo;on&raquo; button_text_size=&raquo;16px&raquo; button_bg_color=&raquo;#083b04&#8243; custom_margin=&raquo;||50px|30px|false|false&raquo; custom_padding=&raquo;||||false|false&raquo; global_colors_info=&raquo;{}&raquo;][\/et_pb_button][\/et_pb_column][et_pb_column type=&raquo;1_4&#8243; _builder_version=&raquo;4.27.4&#8243; _module_preset=&raquo;default&raquo; background_color=&raquo;#F2F0E8&#8243; border_width_all=&raquo;5px&raquo; border_color_all=&raquo;#FFFFFF&raquo; global_colors_info=&raquo;{}&raquo;][et_pb_image src=&raquo;https:\/\/gjerdesystem.no\/wp-content\/uploads\/2025\/06\/01Image-21.jpg&raquo; title_text=&raquo;Veshovda MINIbrakett &#8211; Veshovda Gjerdesystem&raquo; _builder_version=&raquo;4.27.4&#8243; _module_preset=&raquo;default&raquo; global_colors_info=&raquo;{}&raquo;][\/et_pb_image][et_pb_text _builder_version=&raquo;4.27.4&#8243; _module_preset=&raquo;default&raquo; text_font_size=&raquo;16px&raquo; text_line_height=&raquo;1.6em&raquo; header_2_font_size=&raquo;18px&raquo; custom_margin=&raquo;40px|30px|31px|30px|false|false&raquo; global_colors_info=&raquo;{}&raquo;]<\/p>\n<h2>VeshovdaMINI &#8211; Brakett<\/h2>\n<p>Benyttes som tr\u00e5dholder for trep\u00e5ler samt vegg.<\/p>\n<p>[\/et_pb_text][et_pb_button button_url=&raquo;@ET-DC@eyJkeW5hbWljIjp0cnVlLCJjb250ZW50IjoicG9zdF9saW5rX3VybF9wYWdlIiwic2V0dGluZ3MiOnsicG9zdF9pZCI6IjIxOCJ9fQ==@&raquo; button_text=&raquo;Les mer&raquo; _builder_version=&raquo;4.27.4&#8243; _dynamic_attributes=&raquo;button_url&raquo; _module_preset=&raquo;default&raquo; custom_button=&raquo;on&raquo; button_text_size=&raquo;16px&raquo; button_bg_color=&raquo;#083b04&#8243; custom_margin=&raquo;||50px|30px|false|false&raquo; custom_padding=&raquo;||||false|false&raquo; global_colors_info=&raquo;{}&raquo;][\/et_pb_button][\/et_pb_column][et_pb_column type=&raquo;1_4&#8243; _builder_version=&raquo;4.27.4&#8243; _module_preset=&raquo;default&raquo; background_color=&raquo;#F2F0E8&#8243; border_width_all=&raquo;5px&raquo; border_color_all=&raquo;#FFFFFF&raquo; global_colors_info=&raquo;{}&raquo;][et_pb_image src=&raquo;https:\/\/gjerdesystem.no\/wp-content\/uploads\/2025\/06\/03Image-21.jpg&raquo; title_text=&raquo;Veshovda Strammeverkt\u00f8y &#8211; Veshovda Gjerdesystem&raquo; _builder_version=&raquo;4.27.4&#8243; _module_preset=&raquo;default&raquo; global_colors_info=&raquo;{}&raquo;][\/et_pb_image][et_pb_text _builder_version=&raquo;4.27.4&#8243; _module_preset=&raquo;default&raquo; text_font_size=&raquo;16px&raquo; text_line_height=&raquo;1.6em&raquo; header_2_font_size=&raquo;18px&raquo; custom_margin=&raquo;40px|30px|31px|30px|false|false&raquo; global_colors_info=&raquo;{}&raquo;]<\/p>\n<h2>VeshovdaSTRAMMER &#8211; Strammevert\u00f8y<\/h2>\n<p>Verkt\u00f8yet er spesialutformet til \u00e5 kunne monteres p\u00e5 Veshovda MAXI-brakett.[\/et_pb_text][et_pb_button button_url=&raquo;@ET-DC@eyJkeW5hbWljIjp0cnVlLCJjb250ZW50IjoicG9zdF9saW5rX3VybF9wYWdlIiwic2V0dGluZ3MiOnsicG9zdF9pZCI6IjIyMiJ9fQ==@&raquo; button_text=&raquo;Les mer&raquo; _builder_version=&raquo;4.27.4&#8243; _dynamic_attributes=&raquo;button_url&raquo; _module_preset=&raquo;default&raquo; custom_button=&raquo;on&raquo; button_text_size=&raquo;16px&raquo; button_bg_color=&raquo;#083b04&#8243; custom_margin=&raquo;||50px|30px|false|false&raquo; custom_padding=&raquo;||||false|false&raquo; global_colors_info=&raquo;{}&raquo;][\/et_pb_button][\/et_pb_column][et_pb_column type=&raquo;1_4&#8243; _builder_version=&raquo;4.27.4&#8243; _module_preset=&raquo;default&raquo; background_color=&raquo;#F2F0E8&#8243; border_width_all=&raquo;5px&raquo; border_color_all=&raquo;#FFFFFF&raquo; global_colors_info=&raquo;{}&raquo;][et_pb_image src=&raquo;https:\/\/gjerdesystem.no\/wp-content\/uploads\/2025\/06\/04Image-21.jpg&raquo; title_text=&raquo;Veshovda Proff Skr\u00e5stag &#8211; Veshovda Gjerdesystem&raquo; _builder_version=&raquo;4.27.4&#8243; _module_preset=&raquo;default&raquo; global_colors_info=&raquo;{}&raquo;][\/et_pb_image][et_pb_text _builder_version=&raquo;4.27.4&#8243; _module_preset=&raquo;default&raquo; text_font_size=&raquo;16px&raquo; text_line_height=&raquo;1.6em&raquo; header_2_font_size=&raquo;18px&raquo; custom_margin=&raquo;40px|30px|31px|30px|false|false&raquo; global_colors_info=&raquo;{}&raquo;]<\/p>\n<h2>VeshovdaPROFF &#8211; Skr\u00e5stag<\/h2>\n<p>VeshovdaPROFF skr\u00e5stagfeste er beregnet for h\u00f8ye konstruksjoner og punkt med stor belastning.<\/p>\n<p>[\/et_pb_text][et_pb_button button_url=&raquo;@ET-DC@eyJkeW5hbWljIjp0cnVlLCJjb250ZW50IjoicG9zdF9saW5rX3VybF9wYWdlIiwic2V0dGluZ3MiOnsicG9zdF9pZCI6IjIyNyJ9fQ==@&raquo; button_text=&raquo;Les mer&raquo; _builder_version=&raquo;4.27.4&#8243; _dynamic_attributes=&raquo;button_url&raquo; _module_preset=&raquo;default&raquo; custom_button=&raquo;on&raquo; button_text_size=&raquo;16px&raquo; button_bg_color=&raquo;#083b04&#8243; custom_margin=&raquo;||50px|30px|false|false&raquo; custom_padding=&raquo;||||false|false&raquo; global_colors_info=&raquo;{}&raquo;][\/et_pb_button][\/et_pb_column][\/et_pb_row][\/et_pb_section][et_pb_section fb_built=&raquo;1&#8243; _builder_version=&raquo;4.27.4&#8243; _module_preset=&raquo;default&raquo; background_color=&raquo;#D6E5CB&raquo; global_module=&raquo;166&#8243; saved_tabs=&raquo;all&raquo; global_colors_info=&raquo;{}&raquo;][et_pb_row column_structure=&raquo;2_5,3_5&#8243; _builder_version=&raquo;4.27.4&#8243; _module_preset=&raquo;default&raquo; global_colors_info=&raquo;{}&raquo;][et_pb_column type=&raquo;2_5&#8243; _builder_version=&raquo;4.27.4&#8243; _module_preset=&raquo;default&raquo; global_colors_info=&raquo;{}&raquo;][et_pb_image src=&raquo;https:\/\/gjerdesystem.no\/wp-content\/uploads\/2025\/05\/round-Skjermbilde-2025-03-07-kl.-10.20.38.jpg&raquo; title_text=&raquo;Veshovda Gjerdesystem&raquo; align=&raquo;center&raquo; _builder_version=&raquo;4.27.4&#8243; _module_preset=&raquo;default&raquo; max_width=&raquo;300px&raquo; max_width_tablet=&raquo;260px&raquo; max_width_phone=&raquo;&raquo; max_width_last_edited=&raquo;on|tablet&raquo; module_alignment=&raquo;right&raquo; module_alignment_tablet=&raquo;center&raquo; module_alignment_phone=&raquo;&raquo; module_alignment_last_edited=&raquo;on|tablet&raquo; border_radii=&raquo;on|300px|300px|300px|300px&raquo; global_colors_info=&raquo;{}&raquo;][\/et_pb_image][\/et_pb_column][et_pb_column type=&raquo;3_5&#8243; _builder_version=&raquo;4.27.4&#8243; _module_preset=&raquo;default&raquo; custom_padding=&raquo;40px||||false|false&raquo; global_colors_info=&raquo;{}&raquo;][et_pb_text _builder_version=&raquo;4.27.4&#8243; _module_preset=&raquo;default&raquo; text_font_size=&raquo;22px&raquo; text_line_height=&raquo;1.6em&raquo; header_3_line_height=&raquo;1.5em&raquo; text_orientation_tablet=&raquo;center&raquo; text_orientation_phone=&raquo;&raquo; text_orientation_last_edited=&raquo;on|tablet&raquo; global_colors_info=&raquo;{}&raquo;]<\/p>\n<h3>Produktene finner du hos Felleskj\u00f8pet og Bondekompaniet eller bestilles direkte fra oss.<\/h3>\n<p><span style=\"width: 100px; height: 4px; background-color: #fff; display: inline-block; margin-bottom: 12px;\"> <\/span><br \/>Ta kontakt p\u00e5 telefon: <a href=\"tel:004791342369\">(+47) 913 42 369<\/a> eller epost: <a href=\"mailto:post@gjerdesystem.no\">post@gjerdesystem.no<\/a><\/p>\n<p>[\/et_pb_text][\/et_pb_column][\/et_pb_row][\/et_pb_section]<\/p>\n","protected":false},"excerpt":{"rendered":"<p>Produkter Gjerdep\u00e5le kompositt &nbsp; Veshovda gjerdep\u00e5le kompositt er en superlett gjerdestolpe som kun veier 1 kg. Topp kvalitet laget for norske forhold.\u00a0Veshovda gjerdep\u00e5le kompositt er en superlett gjerdestolpe som kun veier 1 kg. Topp kvalitet laget for norske forhold. Samme styrke som armeringsjern, ruster ikke, holder visuellt p\u00e5 fargen og er lett \u00e5 ta med [&hellip;]<\/p>\n","protected":false},"author":1,"featured_media":0,"parent":88,"menu_order":0,"comment_status":"closed","ping_status":"closed","template":"","meta":{"_et_pb_use_builder":"on","_et_pb_old_content":"","_et_gb_content_width":"","footnotes":""},"class_list":["post-232","page","type-page","status-publish","hentry"],"yoast_head":"<!-- This site is optimized with the Yoast SEO plugin v27.4 - https:\/\/yoast.com\/product\/yoast-seo-wordpress\/ -->\n<title>Gjerdep\u00e5le kompositt - Veshovda Gjerdesystem<\/title>\n<meta name=\"robots\" content=\"index, follow, max-snippet:-1, max-image-preview:large, max-video-preview:-1\" \/>\n<link rel=\"canonical\" href=\"https:\/\/gjerdesystem.no\/en\/produkter\/gjerdepale-kompositt\/\" \/>\n<meta property=\"og:locale\" content=\"en_GB\" \/>\n<meta property=\"og:type\" content=\"article\" \/>\n<meta property=\"og:title\" content=\"Gjerdep\u00e5le kompositt - Veshovda Gjerdesystem\" \/>\n<meta property=\"og:description\" content=\"Produkter Gjerdep\u00e5le kompositt &nbsp; Veshovda gjerdep\u00e5le kompositt er en superlett gjerdestolpe som kun veier 1 kg. Topp kvalitet laget for norske forhold.\u00a0Veshovda gjerdep\u00e5le kompositt er en superlett gjerdestolpe som kun veier 1 kg. Topp kvalitet laget for norske forhold. Samme styrke som armeringsjern, ruster ikke, holder visuellt p\u00e5 fargen og er lett \u00e5 ta med [&hellip;]\" \/>\n<meta property=\"og:url\" content=\"https:\/\/gjerdesystem.no\/en\/produkter\/gjerdepale-kompositt\/\" \/>\n<meta property=\"og:site_name\" content=\"Veshovda Gjerdesystem\" \/>\n<meta property=\"article:modified_time\" content=\"2025-06-10T10:05:11+00:00\" \/>\n<meta name=\"twitter:card\" content=\"summary_large_image\" \/>\n<meta name=\"twitter:label1\" content=\"Estimated reading time\" \/>\n\t<meta name=\"twitter:data1\" content=\"9 minutes\" \/>\n<script type=\"application\/ld+json\" class=\"yoast-schema-graph\">{\"@context\":\"https:\\\/\\\/schema.org\",\"@graph\":[{\"@type\":\"WebPage\",\"@id\":\"https:\\\/\\\/gjerdesystem.no\\\/produkter\\\/gjerdepale-kompositt\\\/\",\"url\":\"https:\\\/\\\/gjerdesystem.no\\\/produkter\\\/gjerdepale-kompositt\\\/\",\"name\":\"Gjerdep\u00e5le kompositt - Veshovda Gjerdesystem\",\"isPartOf\":{\"@id\":\"https:\\\/\\\/gjerdesystem.no\\\/#website\"},\"datePublished\":\"2025-06-04T13:28:34+00:00\",\"dateModified\":\"2025-06-10T10:05:11+00:00\",\"breadcrumb\":{\"@id\":\"https:\\\/\\\/gjerdesystem.no\\\/produkter\\\/gjerdepale-kompositt\\\/#breadcrumb\"},\"inLanguage\":\"en-GB\",\"potentialAction\":[{\"@type\":\"ReadAction\",\"target\":[\"https:\\\/\\\/gjerdesystem.no\\\/produkter\\\/gjerdepale-kompositt\\\/\"]}]},{\"@type\":\"BreadcrumbList\",\"@id\":\"https:\\\/\\\/gjerdesystem.no\\\/produkter\\\/gjerdepale-kompositt\\\/#breadcrumb\",\"itemListElement\":[{\"@type\":\"ListItem\",\"position\":1,\"name\":\"Hjem\",\"item\":\"https:\\\/\\\/gjerdesystem.no\\\/\"},{\"@type\":\"ListItem\",\"position\":2,\"name\":\"Produkter\",\"item\":\"https:\\\/\\\/gjerdesystem.no\\\/produkter\\\/\"},{\"@type\":\"ListItem\",\"position\":3,\"name\":\"Gjerdep\u00e5le kompositt\"}]},{\"@type\":\"WebSite\",\"@id\":\"https:\\\/\\\/gjerdesystem.no\\\/#website\",\"url\":\"https:\\\/\\\/gjerdesystem.no\\\/\",\"name\":\"Veshovda Gjerdesystem\",\"description\":\"Ta hele landet i bruk\",\"potentialAction\":[{\"@type\":\"SearchAction\",\"target\":{\"@type\":\"EntryPoint\",\"urlTemplate\":\"https:\\\/\\\/gjerdesystem.no\\\/?s={search_term_string}\"},\"query-input\":{\"@type\":\"PropertyValueSpecification\",\"valueRequired\":true,\"valueName\":\"search_term_string\"}}],\"inLanguage\":\"en-GB\"}]}<\/script>\n<!-- \/ Yoast SEO plugin. -->","yoast_head_json":{"title":"Gjerdep\u00e5le composite Veshovda fencing system","robots":{"index":"index","follow":"follow","max-snippet":"max-snippet:-1","max-image-preview":"max-image-preview:large","max-video-preview":"max-video-preview:-1"},"canonical":"https:\/\/gjerdesystem.no\/en\/produkter\/gjerdepale-kompositt\/","og_locale":"en_GB","og_type":"article","og_title":"Gjerdep\u00e5le kompositt - Veshovda Gjerdesystem","og_description":"Produkter Gjerdep\u00e5le kompositt &nbsp; Veshovda gjerdep\u00e5le kompositt er en superlett gjerdestolpe som kun veier 1 kg. Topp kvalitet laget for norske forhold.\u00a0Veshovda gjerdep\u00e5le kompositt er en superlett gjerdestolpe som kun veier 1 kg. Topp kvalitet laget for norske forhold. Samme styrke som armeringsjern, ruster ikke, holder visuellt p\u00e5 fargen og er lett \u00e5 ta med [&hellip;]","og_url":"https:\/\/gjerdesystem.no\/en\/produkter\/gjerdepale-kompositt\/","og_site_name":"Veshovda Gjerdesystem","article_modified_time":"2025-06-10T10:05:11+00:00","twitter_card":"summary_large_image","twitter_misc":{"Estimated reading time":"9 minutes"},"schema":{"@context":"https:\/\/schema.org","@graph":[{"@type":"WebPage","@id":"https:\/\/gjerdesystem.no\/produkter\/gjerdepale-kompositt\/","url":"https:\/\/gjerdesystem.no\/produkter\/gjerdepale-kompositt\/","name":"Gjerdep\u00e5le composite Veshovda fencing system","isPartOf":{"@id":"https:\/\/gjerdesystem.no\/#website"},"datePublished":"2025-06-04T13:28:34+00:00","dateModified":"2025-06-10T10:05:11+00:00","breadcrumb":{"@id":"https:\/\/gjerdesystem.no\/produkter\/gjerdepale-kompositt\/#breadcrumb"},"inLanguage":"en-GB","potentialAction":[{"@type":"ReadAction","target":["https:\/\/gjerdesystem.no\/produkter\/gjerdepale-kompositt\/"]}]},{"@type":"BreadcrumbList","@id":"https:\/\/gjerdesystem.no\/produkter\/gjerdepale-kompositt\/#breadcrumb","itemListElement":[{"@type":"ListItem","position":1,"name":"Hjem","item":"https:\/\/gjerdesystem.no\/"},{"@type":"ListItem","position":2,"name":"Produkter","item":"https:\/\/gjerdesystem.no\/produkter\/"},{"@type":"ListItem","position":3,"name":"Gjerdep\u00e5le kompositt"}]},{"@type":"WebSite","@id":"https:\/\/gjerdesystem.no\/#website","url":"https:\/\/gjerdesystem.no\/","name":"Veshovda Fencing System","description":"Make use of the whole country","potentialAction":[{"@type":"SearchAction","target":{"@type":"EntryPoint","urlTemplate":"https:\/\/gjerdesystem.no\/?s={search_term_string}"},"query-input":{"@type":"PropertyValueSpecification","valueRequired":true,"valueName":"search_term_string"}}],"inLanguage":"en-GB"}]}},"_links":{"self":[{"href":"https:\/\/gjerdesystem.no\/en\/wp-json\/wp\/v2\/pages\/232","targetHints":{"allow":["GET"]}}],"collection":[{"href":"https:\/\/gjerdesystem.no\/en\/wp-json\/wp\/v2\/pages"}],"about":[{"href":"https:\/\/gjerdesystem.no\/en\/wp-json\/wp\/v2\/types\/page"}],"author":[{"embeddable":true,"href":"https:\/\/gjerdesystem.no\/en\/wp-json\/wp\/v2\/users\/1"}],"replies":[{"embeddable":true,"href":"https:\/\/gjerdesystem.no\/en\/wp-json\/wp\/v2\/comments?post=232"}],"version-history":[{"count":8,"href":"https:\/\/gjerdesystem.no\/en\/wp-json\/wp\/v2\/pages\/232\/revisions"}],"predecessor-version":[{"id":419,"href":"https:\/\/gjerdesystem.no\/en\/wp-json\/wp\/v2\/pages\/232\/revisions\/419"}],"up":[{"embeddable":true,"href":"https:\/\/gjerdesystem.no\/en\/wp-json\/wp\/v2\/pages\/88"}],"wp:attachment":[{"href":"https:\/\/gjerdesystem.no\/en\/wp-json\/wp\/v2\/media?parent=232"}],"curies":[{"name":"wp","href":"https:\/\/api.w.org\/{rel}","templated":true}]}}