{"id":88,"date":"2025-05-30T12:49:21","date_gmt":"2025-05-30T10:49:21","guid":{"rendered":"https:\/\/gjerdesystem.no\/?page_id=88"},"modified":"2025-06-10T12:44:53","modified_gmt":"2025-06-10T10:44:53","slug":"produkter","status":"publish","type":"page","link":"https:\/\/gjerdesystem.no\/en\/produkter\/","title":{"rendered":"Products"},"content":{"rendered":"<p>[et_pb_section fb_built=&raquo;1&#8243; _builder_version=&raquo;4.27.4&#8243; _module_preset=&raquo;default&raquo; global_colors_info=&raquo;{}&raquo;][et_pb_row _builder_version=&raquo;4.27.4&#8243; _module_preset=&raquo;default&raquo; global_colors_info=&raquo;{}&raquo;][et_pb_column type=&raquo;4_4&#8243; _builder_version=&raquo;4.27.4&#8243; _module_preset=&raquo;default&raquo; global_colors_info=&raquo;{}&raquo;][et_pb_image src=&raquo;https:\/\/gjerdesystem.no\/wp-content\/uploads\/2025\/05\/knapp1.png&raquo; title_text=&raquo;knapp1&#8243; _builder_version=&raquo;4.27.4&#8243; _module_preset=&raquo;default&raquo; max_width=&raquo;120px&raquo; module_alignment=&raquo;center&raquo; global_colors_info=&raquo;{}&raquo;][\/et_pb_image][et_pb_text _builder_version=&raquo;4.27.4&#8243; _module_preset=&raquo;131146de-f289-44e4-b1a2-87d69f4d270e&raquo; global_colors_info=&raquo;{}&raquo;]<\/p>\n<h1 style=\"text-align: center;\">Produkter<\/h1>\n<p>&nbsp;<\/p>\n<p style=\"text-align: center;\">Veshovda Gjerdesystem utvikler og produserer l\u00f8sninger for permanent og midlertidig inngjerding og sikring. V\u00e5re konsepter er unnfanget som et resultat av lang egenerfaring med inngjerdingsarbeid og desto manglende kvalitet og begrensede bruksomr\u00e5der p\u00e5 eksisterende produkter p\u00e5 markedet i dag.<\/p>\n<p>[\/et_pb_text][\/et_pb_column][\/et_pb_row][\/et_pb_section][et_pb_section fb_built=&raquo;1&#8243; _builder_version=&raquo;4.27.4&#8243; _module_preset=&raquo;default&raquo; background_color=&raquo;#FFFFFF&raquo; custom_padding=&raquo;60px||60px||false|false&raquo; global_colors_info=&raquo;{}&raquo;][et_pb_row column_structure=&raquo;1_2,1_2&#8243; use_custom_gutter=&raquo;on&raquo; gutter_width=&raquo;2&#8243; _builder_version=&raquo;4.27.4&#8243; _module_preset=&raquo;default&raquo; background_color=&raquo;#FFFFFF&raquo; custom_margin=&raquo;||||false|false&raquo; custom_padding=&raquo;0px||10px||false|false&raquo; global_colors_info=&raquo;{}&raquo;][et_pb_column type=&raquo;1_2&#8243; _builder_version=&raquo;4.27.4&#8243; _module_preset=&raquo;default&raquo; global_colors_info=&raquo;{}&raquo;][et_pb_image src=&raquo;https:\/\/gjerdesystem.no\/wp-content\/uploads\/2025\/06\/vhaa.jpg&raquo; title_text=&raquo;Veshovda Gjerdesystem&raquo; _builder_version=&raquo;4.27.4&#8243; _module_preset=&raquo;default&raquo; global_colors_info=&raquo;{}&raquo;][\/et_pb_image][\/et_pb_column][et_pb_column type=&raquo;1_2&#8243; _builder_version=&raquo;4.27.4&#8243; _module_preset=&raquo;default&raquo; custom_padding=&raquo;60px|40px|30px||false|false&raquo; global_colors_info=&raquo;{}&raquo;][et_pb_text _builder_version=&raquo;4.27.4&#8243; _module_preset=&raquo;default&raquo; custom_margin=&raquo;|0px||0px|false|false&raquo; custom_margin_tablet=&raquo;|30px||30px|false|false&raquo; custom_margin_phone=&raquo;|30px||30px|false|false&raquo; custom_margin_last_edited=&raquo;on|tablet&raquo; global_colors_info=&raquo;{}&raquo;]<\/p>\n<h2>Veshovda gjerdesystem<\/h2>\n<p>V\u00e5rt gjerdesystem best\u00e5r av to patentbeskyttede MULTIFUNKSJONELLE gjerdekomponenter og ett strammeverkt\u00f8y, som til sammen utgj\u00f8r en totall\u00f8sning for \u00e5 m\u00f8te de utfordringene inngjerdingsarbeidet inneb\u00e6rer.<\/p>\n<p>[\/et_pb_text][et_pb_button button_url=&raquo;@ET-DC@eyJkeW5hbWljIjp0cnVlLCJjb250ZW50IjoicG9zdF9saW5rX3VybF9wYWdlIiwic2V0dGluZ3MiOnsicG9zdF9pZCI6IjE4NyJ9fQ==@&raquo; button_text=&raquo;Les mer&raquo; _builder_version=&raquo;4.27.4&#8243; _dynamic_attributes=&raquo;button_url&raquo; _module_preset=&raquo;default&raquo; custom_button=&raquo;on&raquo; button_bg_color=&raquo;#0C230A&raquo; custom_margin=&raquo;|0px||0px|false|false&raquo; custom_margin_tablet=&raquo;|30px||30px|false|false&raquo; custom_margin_phone=&raquo;|30px||30px|false|false&raquo; custom_margin_last_edited=&raquo;on|tablet&raquo; custom_padding=&raquo;||||false|false&raquo; global_colors_info=&raquo;{}&raquo;][\/et_pb_button][\/et_pb_column][\/et_pb_row][et_pb_row column_structure=&raquo;1_4,1_4,1_4,1_4&#8243; use_custom_gutter=&raquo;on&raquo; gutter_width=&raquo;1&#8243; make_equal=&raquo;on&raquo; _builder_version=&raquo;4.27.4&#8243; _module_preset=&raquo;default&raquo; background_color=&raquo;RGBA(255,255,255,0)&raquo; custom_margin=&raquo;||40px||false|false&raquo; custom_padding=&raquo;0px||0px||false|false&raquo; border_width_right=&raquo;2px&raquo; border_color_right=&raquo;#FFFFFF&raquo; border_width_bottom=&raquo;2px&raquo; border_color_bottom=&raquo;#FFFFFF&raquo; border_width_left=&raquo;2px&raquo; border_color_left=&raquo;#FFFFFF&raquo; locked=&raquo;off&raquo; global_colors_info=&raquo;{}&raquo;][et_pb_column type=&raquo;1_4&#8243; _builder_version=&raquo;4.27.4&#8243; _module_preset=&raquo;default&raquo; background_color=&raquo;#F2F0E8&#8243; border_width_all=&raquo;5px&raquo; border_color_all=&raquo;#FFFFFF&raquo; global_colors_info=&raquo;{}&raquo;][et_pb_image src=&raquo;https:\/\/gjerdesystem.no\/wp-content\/uploads\/2025\/06\/02Image-21.jpg&raquo; title_text=&raquo;Veshovda MAXIbrakett &#8211; Veshovda Gjerdesystem&raquo; _builder_version=&raquo;4.27.4&#8243; _module_preset=&raquo;default&raquo; global_colors_info=&raquo;{}&raquo;][\/et_pb_image][et_pb_text _builder_version=&raquo;4.27.4&#8243; _module_preset=&raquo;default&raquo; text_font_size=&raquo;16px&raquo; text_line_height=&raquo;1.6em&raquo; header_2_font_size=&raquo;18px&raquo; custom_margin=&raquo;40px|30px|31px|30px|false|false&raquo; global_colors_info=&raquo;{}&raquo;]<\/p>\n<h2>VeshovdaMAXI &#8211; Brakett<\/h2>\n<p><span>VeshovdaMAXI er beregnet som tr\u00e5d \u2013 og b\u00e5ndholder for jernp\u00e5ler max 25 mm diameter.<\/span><\/p>\n<p>[\/et_pb_text][et_pb_button button_url=&raquo;@ET-DC@eyJkeW5hbWljIjp0cnVlLCJjb250ZW50IjoicG9zdF9saW5rX3VybF9wYWdlIiwic2V0dGluZ3MiOnsicG9zdF9pZCI6IjE5OSJ9fQ==@&raquo; button_text=&raquo;Les mer&raquo; _builder_version=&raquo;4.27.4&#8243; _dynamic_attributes=&raquo;button_url&raquo; _module_preset=&raquo;default&raquo; custom_button=&raquo;on&raquo; button_text_size=&raquo;16px&raquo; button_bg_color=&raquo;#083b04&#8243; custom_margin=&raquo;||50px|30px|false|false&raquo; custom_padding=&raquo;||||false|false&raquo; global_colors_info=&raquo;{}&raquo;][\/et_pb_button][\/et_pb_column][et_pb_column type=&raquo;1_4&#8243; _builder_version=&raquo;4.27.4&#8243; _module_preset=&raquo;default&raquo; background_color=&raquo;#F2F0E8&#8243; border_width_all=&raquo;5px&raquo; border_color_all=&raquo;#FFFFFF&raquo; global_colors_info=&raquo;{}&raquo;][et_pb_image src=&raquo;https:\/\/gjerdesystem.no\/wp-content\/uploads\/2025\/06\/01Image-21.jpg&raquo; title_text=&raquo;Veshovda MINIbrakett &#8211; Veshovda Gjerdesystem&raquo; _builder_version=&raquo;4.27.4&#8243; _module_preset=&raquo;default&raquo; global_colors_info=&raquo;{}&raquo;][\/et_pb_image][et_pb_text _builder_version=&raquo;4.27.4&#8243; _module_preset=&raquo;default&raquo; text_font_size=&raquo;16px&raquo; text_line_height=&raquo;1.6em&raquo; header_2_font_size=&raquo;18px&raquo; custom_margin=&raquo;40px|30px|31px|30px|false|false&raquo; global_colors_info=&raquo;{}&raquo;]<\/p>\n<h2>VeshovdaMINI &#8211; Brakett<\/h2>\n<p>Benyttes som tr\u00e5dholder for trep\u00e5ler samt vegg.<\/p>\n<p>[\/et_pb_text][et_pb_button button_url=&raquo;@ET-DC@eyJkeW5hbWljIjp0cnVlLCJjb250ZW50IjoicG9zdF9saW5rX3VybF9wYWdlIiwic2V0dGluZ3MiOnsicG9zdF9pZCI6IjIxOCJ9fQ==@&raquo; button_text=&raquo;Les mer&raquo; _builder_version=&raquo;4.27.4&#8243; _dynamic_attributes=&raquo;button_url&raquo; _module_preset=&raquo;default&raquo; custom_button=&raquo;on&raquo; button_text_size=&raquo;16px&raquo; button_bg_color=&raquo;#083b04&#8243; custom_margin=&raquo;||50px|30px|false|false&raquo; custom_padding=&raquo;||||false|false&raquo; global_colors_info=&raquo;{}&raquo;][\/et_pb_button][\/et_pb_column][et_pb_column type=&raquo;1_4&#8243; _builder_version=&raquo;4.27.4&#8243; _module_preset=&raquo;default&raquo; background_color=&raquo;#F2F0E8&#8243; border_width_all=&raquo;5px&raquo; border_color_all=&raquo;#FFFFFF&raquo; global_colors_info=&raquo;{}&raquo;][et_pb_image src=&raquo;https:\/\/gjerdesystem.no\/wp-content\/uploads\/2025\/06\/03Image-21.jpg&raquo; title_text=&raquo;Veshovda Strammeverkt\u00f8y &#8211; Veshovda Gjerdesystem&raquo; _builder_version=&raquo;4.27.4&#8243; _module_preset=&raquo;default&raquo; global_colors_info=&raquo;{}&raquo;][\/et_pb_image][et_pb_text _builder_version=&raquo;4.27.4&#8243; _module_preset=&raquo;default&raquo; text_font_size=&raquo;16px&raquo; text_line_height=&raquo;1.6em&raquo; header_2_font_size=&raquo;18px&raquo; custom_margin=&raquo;40px|30px|31px|30px|false|false&raquo; global_colors_info=&raquo;{}&raquo;]<\/p>\n<h2>VeshovdaSTRAMMER &#8211; Strammevert\u00f8y<\/h2>\n<p>Verkt\u00f8yet er spesialutformet til \u00e5 kunne monteres p\u00e5 VeshovdaMAXI-brakett.<\/p>\n<p>[\/et_pb_text][et_pb_button button_url=&raquo;@ET-DC@eyJkeW5hbWljIjp0cnVlLCJjb250ZW50IjoicG9zdF9saW5rX3VybF9wYWdlIiwic2V0dGluZ3MiOnsicG9zdF9pZCI6IjIyMiJ9fQ==@&raquo; button_text=&raquo;Les mer&raquo; _builder_version=&raquo;4.27.4&#8243; _dynamic_attributes=&raquo;button_url&raquo; _module_preset=&raquo;default&raquo; custom_button=&raquo;on&raquo; button_text_size=&raquo;16px&raquo; button_bg_color=&raquo;#083b04&#8243; custom_margin=&raquo;||50px|30px|false|false&raquo; custom_padding=&raquo;||||false|false&raquo; global_colors_info=&raquo;{}&raquo;][\/et_pb_button][\/et_pb_column][et_pb_column type=&raquo;1_4&#8243; _builder_version=&raquo;4.27.4&#8243; _module_preset=&raquo;default&raquo; background_color=&raquo;#F2F0E8&#8243; border_width_all=&raquo;5px&raquo; border_color_all=&raquo;#FFFFFF&raquo; global_colors_info=&raquo;{}&raquo;][et_pb_image src=&raquo;https:\/\/gjerdesystem.no\/wp-content\/uploads\/2025\/06\/04Image-21.jpg&raquo; title_text=&raquo;Veshovda Proff Skr\u00e5stag &#8211; Veshovda Gjerdesystem&raquo; _builder_version=&raquo;4.27.4&#8243; _module_preset=&raquo;default&raquo; global_colors_info=&raquo;{}&raquo;][\/et_pb_image][et_pb_text _builder_version=&raquo;4.27.4&#8243; _module_preset=&raquo;default&raquo; text_font_size=&raquo;16px&raquo; text_line_height=&raquo;1.6em&raquo; header_2_font_size=&raquo;18px&raquo; custom_margin=&raquo;40px|30px|31px|30px|false|false&raquo; global_colors_info=&raquo;{}&raquo;]<\/p>\n<h2>VeshovdaPROFF &#8211; Skr\u00e5stag<\/h2>\n<p>VeshovdaPROFF skr\u00e5stagfeste er beregnet for h\u00f8ye konstruksjoner og punkt med stor belastning.<\/p>\n<p>[\/et_pb_text][et_pb_button button_url=&raquo;@ET-DC@eyJkeW5hbWljIjp0cnVlLCJjb250ZW50IjoicG9zdF9saW5rX3VybF9wYWdlIiwic2V0dGluZ3MiOnsicG9zdF9pZCI6IjIyNyJ9fQ==@&raquo; button_text=&raquo;Les mer&raquo; _builder_version=&raquo;4.27.4&#8243; _dynamic_attributes=&raquo;button_url&raquo; _module_preset=&raquo;default&raquo; custom_button=&raquo;on&raquo; button_text_size=&raquo;16px&raquo; button_bg_color=&raquo;#083b04&#8243; custom_margin=&raquo;||50px|30px|false|false&raquo; custom_padding=&raquo;||||false|false&raquo; global_colors_info=&raquo;{}&raquo;][\/et_pb_button][\/et_pb_column][\/et_pb_row][et_pb_row column_structure=&raquo;1_2,1_2&#8243; use_custom_gutter=&raquo;on&raquo; gutter_width=&raquo;1&#8243; make_equal=&raquo;on&raquo; _builder_version=&raquo;4.27.4&#8243; _module_preset=&raquo;default&raquo; background_color=&raquo;#FFFFFF&raquo; custom_margin=&raquo;||40px||false|false&raquo; custom_padding=&raquo;0px||0px||false|false&raquo; global_colors_info=&raquo;{}&raquo;][et_pb_column type=&raquo;1_2&#8243; _builder_version=&raquo;4.27.4&#8243; _module_preset=&raquo;default&raquo; global_colors_info=&raquo;{}&raquo;][et_pb_image src=&raquo;https:\/\/gjerdesystem.no\/wp-content\/uploads\/2025\/05\/Image-24.jpg&raquo; title_text=&raquo;Image-24&#8243; _builder_version=&raquo;4.27.4&#8243; _module_preset=&raquo;default&raquo; global_colors_info=&raquo;{}&raquo;][\/et_pb_image][\/et_pb_column][et_pb_column type=&raquo;1_2&#8243; _builder_version=&raquo;4.27.4&#8243; _module_preset=&raquo;default&raquo; background_color=&raquo;#F2F0E8&#8243; custom_padding=&raquo;60px|40px|30px|40px|false|false&raquo; custom_padding_tablet=&raquo;30px|||10px|false|false&raquo; custom_padding_phone=&raquo;30px|||10px|false|false&raquo; custom_padding_last_edited=&raquo;on|tablet&raquo; global_colors_info=&raquo;{}&raquo;][et_pb_text _builder_version=&raquo;4.27.4&#8243; _module_preset=&raquo;default&raquo; custom_margin=&raquo;|0px||0px|false|false&raquo; custom_margin_tablet=&raquo;|30px||30px|false|false&raquo; custom_margin_phone=&raquo;|30px||30px|false|false&raquo; custom_margin_last_edited=&raquo;on|tablet&raquo; global_colors_info=&raquo;{}&raquo;]<\/p>\n<h2>Gjerdep\u00e5le Kompositt<\/h2>\n<p>Veshovda gjerdep\u00e5le kompositt er en superlett gjerdestolpe som kun veier 1 kg. Topp kvalitet laget for norske forhold.<\/p>\n<p>[\/et_pb_text][et_pb_button button_url=&raquo;@ET-DC@eyJkeW5hbWljIjp0cnVlLCJjb250ZW50IjoicG9zdF9saW5rX3VybF9wYWdlIiwic2V0dGluZ3MiOnsicG9zdF9pZCI6IjIzMiJ9fQ==@&raquo; button_text=&raquo;Les mer&raquo; _builder_version=&raquo;4.27.4&#8243; _dynamic_attributes=&raquo;button_url&raquo; _module_preset=&raquo;default&raquo; custom_button=&raquo;on&raquo; button_bg_color=&raquo;#0C230A&raquo; custom_margin=&raquo;|0px||0px|false|false&raquo; custom_margin_tablet=&raquo;|30px||30px|false|false&raquo; custom_margin_phone=&raquo;|30px||30px|false|false&raquo; custom_margin_last_edited=&raquo;on|tablet&raquo; global_colors_info=&raquo;{}&raquo;][\/et_pb_button][\/et_pb_column][\/et_pb_row][et_pb_row column_structure=&raquo;1_2,1_2&#8243; use_custom_gutter=&raquo;on&raquo; gutter_width=&raquo;1&#8243; make_equal=&raquo;on&raquo; _builder_version=&raquo;4.27.4&#8243; _module_preset=&raquo;default&raquo; background_color=&raquo;RGBA(255,255,255,0)&raquo; custom_margin=&raquo;||40px||false|false&raquo; custom_padding=&raquo;0px||0px||false|false&raquo; border_width_right=&raquo;2px&raquo; border_color_right=&raquo;#FFFFFF&raquo; border_width_bottom=&raquo;2px&raquo; border_color_bottom=&raquo;#FFFFFF&raquo; border_width_left=&raquo;2px&raquo; border_color_left=&raquo;#FFFFFF&raquo; global_colors_info=&raquo;{}&raquo;][et_pb_column type=&raquo;1_2&#8243; _builder_version=&raquo;4.27.4&#8243; _module_preset=&raquo;default&raquo; global_colors_info=&raquo;{}&raquo;][et_pb_image src=&raquo;https:\/\/gjerdesystem.no\/wp-content\/uploads\/2025\/06\/sperremann.jpg&raquo; title_text=&raquo;SPERREMANN \u2013 For rask og enkel avsperring. Veshovda Gjerdesystem&raquo; _builder_version=&raquo;4.27.4&#8243; _module_preset=&raquo;default&raquo; global_colors_info=&raquo;{}&raquo;][\/et_pb_image][\/et_pb_column][et_pb_column type=&raquo;1_2&#8243; _builder_version=&raquo;4.27.4&#8243; _module_preset=&raquo;default&raquo; background_color=&raquo;#F2F0E8&#8243; custom_padding=&raquo;60px|40px|30px|40px|false|false&raquo; custom_padding_tablet=&raquo;30px|||10px|false|false&raquo; custom_padding_phone=&raquo;30px|||10px|false|false&raquo; custom_padding_last_edited=&raquo;on|tablet&raquo; global_colors_info=&raquo;{}&raquo;][et_pb_text _builder_version=&raquo;4.27.4&#8243; _module_preset=&raquo;default&raquo; custom_margin=&raquo;|0px||0px|false|false&raquo; custom_margin_tablet=&raquo;|30px||30px|false|false&raquo; custom_margin_phone=&raquo;|30px||30px|false|false&raquo; custom_margin_last_edited=&raquo;on|tablet&raquo; global_colors_info=&raquo;{}&raquo;]<\/p>\n<h2>Sperremann &#8211; mobil sperring<\/h2>\n<p>Sperremann er et mobilt redskap for rask og effektiv opp- og nedrigging av sperringer og som oppfyller krav om opplysnings- skilting i forbindelse med avsperringer.<\/p>\n<p>[\/et_pb_text][et_pb_button button_url=&raquo;@ET-DC@eyJkeW5hbWljIjp0cnVlLCJjb250ZW50IjoicG9zdF9saW5rX3VybF9wYWdlIiwic2V0dGluZ3MiOnsicG9zdF9pZCI6Ijk4In19@&raquo; button_text=&raquo;Les mer&raquo; _builder_version=&raquo;4.27.4&#8243; _dynamic_attributes=&raquo;button_url&raquo; _module_preset=&raquo;default&raquo; custom_button=&raquo;on&raquo; button_bg_color=&raquo;#0C230A&raquo; custom_margin=&raquo;|0px||0px|false|false&raquo; custom_margin_tablet=&raquo;|30px||30px|false|false&raquo; custom_margin_phone=&raquo;|30px||30px|false|false&raquo; custom_margin_last_edited=&raquo;on|tablet&raquo; global_colors_info=&raquo;{}&raquo;][\/et_pb_button][\/et_pb_column][\/et_pb_row][\/et_pb_section][et_pb_section fb_built=&raquo;1&#8243; _builder_version=&raquo;4.27.4&#8243; _module_preset=&raquo;default&raquo; background_color=&raquo;#D6E5CB&raquo; global_module=&raquo;166&#8243; saved_tabs=&raquo;all&raquo; global_colors_info=&raquo;{}&raquo;][et_pb_row column_structure=&raquo;2_5,3_5&#8243; _builder_version=&raquo;4.27.4&#8243; _module_preset=&raquo;default&raquo; global_colors_info=&raquo;{}&raquo;][et_pb_column type=&raquo;2_5&#8243; _builder_version=&raquo;4.27.4&#8243; _module_preset=&raquo;default&raquo; global_colors_info=&raquo;{}&raquo;][et_pb_image src=&raquo;https:\/\/gjerdesystem.no\/wp-content\/uploads\/2025\/05\/round-Skjermbilde-2025-03-07-kl.-10.20.38.jpg&raquo; title_text=&raquo;Veshovda Gjerdesystem&raquo; align=&raquo;center&raquo; _builder_version=&raquo;4.27.4&#8243; _module_preset=&raquo;default&raquo; max_width=&raquo;300px&raquo; max_width_tablet=&raquo;260px&raquo; max_width_phone=&raquo;&raquo; max_width_last_edited=&raquo;on|tablet&raquo; module_alignment=&raquo;right&raquo; module_alignment_tablet=&raquo;center&raquo; module_alignment_phone=&raquo;&raquo; module_alignment_last_edited=&raquo;on|tablet&raquo; border_radii=&raquo;on|300px|300px|300px|300px&raquo; global_colors_info=&raquo;{}&raquo;][\/et_pb_image][\/et_pb_column][et_pb_column type=&raquo;3_5&#8243; _builder_version=&raquo;4.27.4&#8243; _module_preset=&raquo;default&raquo; custom_padding=&raquo;40px||||false|false&raquo; global_colors_info=&raquo;{}&raquo;][et_pb_text _builder_version=&raquo;4.27.4&#8243; _module_preset=&raquo;default&raquo; text_font_size=&raquo;22px&raquo; text_line_height=&raquo;1.6em&raquo; header_3_line_height=&raquo;1.5em&raquo; text_orientation_tablet=&raquo;center&raquo; text_orientation_phone=&raquo;&raquo; text_orientation_last_edited=&raquo;on|tablet&raquo; global_colors_info=&raquo;{}&raquo;]<\/p>\n<h3>V\u00e5re produkter kan bestilles direkte fra oss.<\/h3>\n<p><span style=\"width: 100px; height: 4px; background-color: #fff; display: inline-block; margin-bottom: 12px;\"> <\/span><br \/>Ta kontakt p\u00e5 telefon: <a href=\"tel:004791342369\">(+47) 913 42 369<\/a> eller epost: <a href=\"mailto:post@gjerdesystem.no\">post@gjerdesystem.no<\/a><\/p>\n<p>[\/et_pb_text][\/et_pb_column][\/et_pb_row][\/et_pb_section]<\/p>\n","protected":false},"excerpt":{"rendered":"<p>Produkter &nbsp; Veshovda Gjerdesystem utvikler og produserer l\u00f8sninger for permanent og midlertidig inngjerding og sikring. V\u00e5re konsepter er unnfanget som et resultat av lang egenerfaring med inngjerdingsarbeid og desto manglende kvalitet og begrensede bruksomr\u00e5der p\u00e5 eksisterende produkter p\u00e5 markedet i dag.Veshovda gjerdesystem V\u00e5rt gjerdesystem best\u00e5r av to patentbeskyttede MULTIFUNKSJONELLE gjerdekomponenter og ett strammeverkt\u00f8y, som til [&hellip;]<\/p>\n","protected":false},"author":1,"featured_media":0,"parent":0,"menu_order":0,"comment_status":"closed","ping_status":"closed","template":"","meta":{"_et_pb_use_builder":"on","_et_pb_old_content":"<!-- wp:divi\/placeholder \/-->","_et_gb_content_width":"","footnotes":""},"class_list":["post-88","page","type-page","status-publish","hentry"],"yoast_head":"<!-- This site is optimized with the Yoast SEO plugin v27.4 - https:\/\/yoast.com\/product\/yoast-seo-wordpress\/ -->\n<title>Produkter - Veshovda Gjerdesystem<\/title>\n<meta name=\"robots\" content=\"index, follow, max-snippet:-1, max-image-preview:large, max-video-preview:-1\" \/>\n<link rel=\"canonical\" href=\"https:\/\/gjerdesystem.no\/en\/produkter\/\" \/>\n<meta property=\"og:locale\" content=\"en_GB\" \/>\n<meta property=\"og:type\" content=\"article\" \/>\n<meta property=\"og:title\" content=\"Produkter - Veshovda Gjerdesystem\" \/>\n<meta property=\"og:description\" content=\"Produkter &nbsp; Veshovda Gjerdesystem utvikler og produserer l\u00f8sninger for permanent og midlertidig inngjerding og sikring. V\u00e5re konsepter er unnfanget som et resultat av lang egenerfaring med inngjerdingsarbeid og desto manglende kvalitet og begrensede bruksomr\u00e5der p\u00e5 eksisterende produkter p\u00e5 markedet i dag.Veshovda gjerdesystem V\u00e5rt gjerdesystem best\u00e5r av to patentbeskyttede MULTIFUNKSJONELLE gjerdekomponenter og ett strammeverkt\u00f8y, som til [&hellip;]\" \/>\n<meta property=\"og:url\" content=\"https:\/\/gjerdesystem.no\/en\/produkter\/\" \/>\n<meta property=\"og:site_name\" content=\"Veshovda Gjerdesystem\" \/>\n<meta property=\"article:modified_time\" content=\"2025-06-10T10:44:53+00:00\" \/>\n<meta name=\"twitter:card\" content=\"summary_large_image\" \/>\n<meta name=\"twitter:label1\" content=\"Estimated reading time\" \/>\n\t<meta name=\"twitter:data1\" content=\"10 minutes\" \/>\n<script type=\"application\/ld+json\" class=\"yoast-schema-graph\">{\"@context\":\"https:\\\/\\\/schema.org\",\"@graph\":[{\"@type\":\"WebPage\",\"@id\":\"https:\\\/\\\/gjerdesystem.no\\\/produkter\\\/\",\"url\":\"https:\\\/\\\/gjerdesystem.no\\\/produkter\\\/\",\"name\":\"Produkter - Veshovda Gjerdesystem\",\"isPartOf\":{\"@id\":\"https:\\\/\\\/gjerdesystem.no\\\/#website\"},\"datePublished\":\"2025-05-30T10:49:21+00:00\",\"dateModified\":\"2025-06-10T10:44:53+00:00\",\"breadcrumb\":{\"@id\":\"https:\\\/\\\/gjerdesystem.no\\\/produkter\\\/#breadcrumb\"},\"inLanguage\":\"en-GB\",\"potentialAction\":[{\"@type\":\"ReadAction\",\"target\":[\"https:\\\/\\\/gjerdesystem.no\\\/produkter\\\/\"]}]},{\"@type\":\"BreadcrumbList\",\"@id\":\"https:\\\/\\\/gjerdesystem.no\\\/produkter\\\/#breadcrumb\",\"itemListElement\":[{\"@type\":\"ListItem\",\"position\":1,\"name\":\"Hjem\",\"item\":\"https:\\\/\\\/gjerdesystem.no\\\/\"},{\"@type\":\"ListItem\",\"position\":2,\"name\":\"Produkter\"}]},{\"@type\":\"WebSite\",\"@id\":\"https:\\\/\\\/gjerdesystem.no\\\/#website\",\"url\":\"https:\\\/\\\/gjerdesystem.no\\\/\",\"name\":\"Veshovda Gjerdesystem\",\"description\":\"Ta hele landet i bruk\",\"potentialAction\":[{\"@type\":\"SearchAction\",\"target\":{\"@type\":\"EntryPoint\",\"urlTemplate\":\"https:\\\/\\\/gjerdesystem.no\\\/?s={search_term_string}\"},\"query-input\":{\"@type\":\"PropertyValueSpecification\",\"valueRequired\":true,\"valueName\":\"search_term_string\"}}],\"inLanguage\":\"en-GB\"}]}<\/script>\n<!-- \/ Yoast SEO plugin. -->","yoast_head_json":{"title":"Produkter - Veshovda Gjerdesystem","robots":{"index":"index","follow":"follow","max-snippet":"max-snippet:-1","max-image-preview":"max-image-preview:large","max-video-preview":"max-video-preview:-1"},"canonical":"https:\/\/gjerdesystem.no\/en\/produkter\/","og_locale":"en_GB","og_type":"article","og_title":"Produkter - Veshovda Gjerdesystem","og_description":"Produkter &nbsp; Veshovda Gjerdesystem utvikler og produserer l\u00f8sninger for permanent og midlertidig inngjerding og sikring. V\u00e5re konsepter er unnfanget som et resultat av lang egenerfaring med inngjerdingsarbeid og desto manglende kvalitet og begrensede bruksomr\u00e5der p\u00e5 eksisterende produkter p\u00e5 markedet i dag.Veshovda gjerdesystem V\u00e5rt gjerdesystem best\u00e5r av to patentbeskyttede MULTIFUNKSJONELLE gjerdekomponenter og ett strammeverkt\u00f8y, som til [&hellip;]","og_url":"https:\/\/gjerdesystem.no\/en\/produkter\/","og_site_name":"Veshovda Gjerdesystem","article_modified_time":"2025-06-10T10:44:53+00:00","twitter_card":"summary_large_image","twitter_misc":{"Estimated reading time":"10 minutes"},"schema":{"@context":"https:\/\/schema.org","@graph":[{"@type":"WebPage","@id":"https:\/\/gjerdesystem.no\/produkter\/","url":"https:\/\/gjerdesystem.no\/produkter\/","name":"Produkter - Veshovda Gjerdesystem","isPartOf":{"@id":"https:\/\/gjerdesystem.no\/#website"},"datePublished":"2025-05-30T10:49:21+00:00","dateModified":"2025-06-10T10:44:53+00:00","breadcrumb":{"@id":"https:\/\/gjerdesystem.no\/produkter\/#breadcrumb"},"inLanguage":"en-GB","potentialAction":[{"@type":"ReadAction","target":["https:\/\/gjerdesystem.no\/produkter\/"]}]},{"@type":"BreadcrumbList","@id":"https:\/\/gjerdesystem.no\/produkter\/#breadcrumb","itemListElement":[{"@type":"ListItem","position":1,"name":"Hjem","item":"https:\/\/gjerdesystem.no\/"},{"@type":"ListItem","position":2,"name":"Produkter"}]},{"@type":"WebSite","@id":"https:\/\/gjerdesystem.no\/#website","url":"https:\/\/gjerdesystem.no\/","name":"Veshovda Fencing System","description":"Make use of the whole country","potentialAction":[{"@type":"SearchAction","target":{"@type":"EntryPoint","urlTemplate":"https:\/\/gjerdesystem.no\/?s={search_term_string}"},"query-input":{"@type":"PropertyValueSpecification","valueRequired":true,"valueName":"search_term_string"}}],"inLanguage":"en-GB"}]}},"_links":{"self":[{"href":"https:\/\/gjerdesystem.no\/en\/wp-json\/wp\/v2\/pages\/88","targetHints":{"allow":["GET"]}}],"collection":[{"href":"https:\/\/gjerdesystem.no\/en\/wp-json\/wp\/v2\/pages"}],"about":[{"href":"https:\/\/gjerdesystem.no\/en\/wp-json\/wp\/v2\/types\/page"}],"author":[{"embeddable":true,"href":"https:\/\/gjerdesystem.no\/en\/wp-json\/wp\/v2\/users\/1"}],"replies":[{"embeddable":true,"href":"https:\/\/gjerdesystem.no\/en\/wp-json\/wp\/v2\/comments?post=88"}],"version-history":[{"count":13,"href":"https:\/\/gjerdesystem.no\/en\/wp-json\/wp\/v2\/pages\/88\/revisions"}],"predecessor-version":[{"id":446,"href":"https:\/\/gjerdesystem.no\/en\/wp-json\/wp\/v2\/pages\/88\/revisions\/446"}],"wp:attachment":[{"href":"https:\/\/gjerdesystem.no\/en\/wp-json\/wp\/v2\/media?parent=88"}],"curies":[{"name":"wp","href":"https:\/\/api.w.org\/{rel}","templated":true}]}}