{"id":90,"date":"2025-05-30T12:49:38","date_gmt":"2025-05-30T10:49:38","guid":{"rendered":"https:\/\/gjerdesystem.no\/?page_id=90"},"modified":"2025-06-10T12:43:33","modified_gmt":"2025-06-10T10:43:33","slug":"bransjer","status":"publish","type":"page","link":"https:\/\/gjerdesystem.no\/en\/bransjer\/","title":{"rendered":"Industries"},"content":{"rendered":"<p>[et_pb_section fb_built=&raquo;1&#8243; _builder_version=&raquo;4.27.4&#8243; _module_preset=&raquo;default&raquo; global_colors_info=&raquo;{}&raquo;][et_pb_row _builder_version=&raquo;4.27.4&#8243; _module_preset=&raquo;default&raquo; global_colors_info=&raquo;{}&raquo;][et_pb_column type=&raquo;4_4&#8243; _builder_version=&raquo;4.27.4&#8243; _module_preset=&raquo;default&raquo; global_colors_info=&raquo;{}&raquo;][et_pb_image src=&raquo;https:\/\/gjerdesystem.no\/wp-content\/uploads\/2025\/05\/shutterstock_1883942605.jpg&raquo; title_text=&raquo;Veshovda Gjerdesystem&raquo; _builder_version=&raquo;4.27.4&#8243; _module_preset=&raquo;default&raquo; global_colors_info=&raquo;{}&raquo;][\/et_pb_image][\/et_pb_column][\/et_pb_row][\/et_pb_section][et_pb_section fb_built=&raquo;1&#8243; _builder_version=&raquo;4.27.4&#8243; _module_preset=&raquo;default&raquo; locked=&raquo;off&raquo; global_colors_info=&raquo;{}&raquo;][et_pb_row _builder_version=&raquo;4.27.4&#8243; _module_preset=&raquo;default&raquo; global_colors_info=&raquo;{}&raquo;][et_pb_column type=&raquo;4_4&#8243; _builder_version=&raquo;4.27.4&#8243; _module_preset=&raquo;default&raquo; global_colors_info=&raquo;{}&raquo;][et_pb_image src=&raquo;https:\/\/gjerdesystem.no\/wp-content\/uploads\/2025\/05\/knapp2.png&raquo; title_text=&raquo;Veshovda Gjerdesystem&raquo; _builder_version=&raquo;4.27.4&#8243; _module_preset=&raquo;default&raquo; max_width=&raquo;120px&raquo; module_alignment=&raquo;center&raquo; global_colors_info=&raquo;{}&raquo;][\/et_pb_image][et_pb_text _builder_version=&raquo;4.27.4&#8243; _module_preset=&raquo;131146de-f289-44e4-b1a2-87d69f4d270e&raquo; global_colors_info=&raquo;{}&raquo;]<\/p>\n<h1 style=\"text-align: center;\">Bransjer<\/h1>\n<p>&nbsp;<\/p>\n<p>Veshovda Gjerdesystem kan erstatte b\u00e5de tradisjonelle gjerder, str\u00f8mgjerder og piggtr\u00e5d. Man kan selv velge h\u00f8yde, type og antall tr\u00e5der, og det er valgfritt om gjerdet skal settes opp med eller uten str\u00f8m. I tillegg kan man bruke b\u00e5de jern- og trep\u00e5ler, noe som gir stor fleksibilitet tilpasset ulike behov og terreng.<\/p>\n<p>Veshovda Gjerdesystem er utviklet for \u00e5 sikre verdier og gi trygg avgrensning, enten det gjelder inngjerding av dyr p\u00e5 beite, sikring av landbruksomr\u00e5der eller vern av viktige industri- og anleggsomr\u00e5der. Gjerdet er konstruert for \u00e5 t\u00e5le ekstreme p\u00e5kjenninger og krever minimalt med vedlikehold, noe som gj\u00f8r det til en langsiktig og \u00f8konomisk investering for b\u00e5de b\u00f8nder, entrepren\u00f8rer og offentlige akt\u00f8rer.<\/p>\n<p>[\/et_pb_text][\/et_pb_column][\/et_pb_row][\/et_pb_section][et_pb_section fb_built=&raquo;1&#8243; _builder_version=&raquo;4.27.4&#8243; _module_preset=&raquo;default&raquo; background_color=&raquo;#F2F0E8&#8243; global_colors_info=&raquo;{}&raquo;][et_pb_row _builder_version=&raquo;4.27.4&#8243; _module_preset=&raquo;default&raquo; global_colors_info=&raquo;{}&raquo;][et_pb_column type=&raquo;4_4&#8243; _builder_version=&raquo;4.27.4&#8243; _module_preset=&raquo;default&raquo; global_colors_info=&raquo;{}&raquo;][et_pb_text _builder_version=&raquo;4.27.4&#8243; _module_preset=&raquo;762006ab-b02a-4933-b08d-7540c9e3fc5e&raquo; global_colors_info=&raquo;{}&raquo;]<\/p>\n<p>Jeg var opptatt av at n\u00e5r man har satt opp et gjerde, s\u00e5 skal man v\u00e6re ferdig med arbeidet. Det skal vare lenge, og man skal kun trenge \u00e5 se over det fra tid til annen. I tillegg skal det v\u00e6re enkelt og billig \u00e5 sette opp.<\/p>\n<p><em>&#8211; Svein Narve Veshovda, Veshovda Gjerdesystemer<\/em><\/p>\n<p>[\/et_pb_text][\/et_pb_column][\/et_pb_row][\/et_pb_section][et_pb_section fb_built=&raquo;1&#8243; _builder_version=&raquo;4.27.4&#8243; _module_preset=&raquo;default&raquo; global_colors_info=&raquo;{}&raquo;][et_pb_row _builder_version=&raquo;4.27.4&#8243; _module_preset=&raquo;c5e9c579-ab2c-4a71-849e-1d158ec53e20&#8243; global_colors_info=&raquo;{}&raquo;][et_pb_column type=&raquo;4_4&#8243; _builder_version=&raquo;4.27.4&#8243; _module_preset=&raquo;default&raquo; global_colors_info=&raquo;{}&raquo;][et_pb_image src=&raquo;https:\/\/gjerdesystem.no\/wp-content\/uploads\/2025\/05\/IMG_5330-\u2013-Kopi-scaled.jpg&raquo; title_text=&raquo;Veshovda Gjerdesystem&raquo; align=&raquo;center&raquo; _builder_version=&raquo;4.27.4&#8243; _module_preset=&raquo;default&raquo; global_colors_info=&raquo;{}&raquo;][\/et_pb_image][et_pb_text _builder_version=&raquo;4.27.4&#8243; _module_preset=&raquo;default&raquo; global_colors_info=&raquo;{}&raquo;]<\/p>\n<h2>Landbruk og beite<\/h2>\n<p>Veshovda gjkerdesystem er spesielt utviklet for bruk i landbruk og dyrehold og passer utmerket til inngjerding av gris, <span>storfe, sm\u00e5fe<\/span>, hest og andre husdyr. Det er en ideell l\u00f8sning for b\u00f8nder og beitelag som trenger et solid gjerde for \u00e5 holde dyrene trygt innenfor et bestemt omr\u00e5de og samtidig beskytte dem mot rovdyr og andre ytre farer.<\/p>\n<ul>\n<li>Gris, storfe og sm\u00e5fe<\/li>\n<li>Hest<\/li>\n<li>Andre husdyr<\/li>\n<\/ul>\n<p>[\/et_pb_text][\/et_pb_column][\/et_pb_row][\/et_pb_section][et_pb_section fb_built=&raquo;1&#8243; _builder_version=&raquo;4.27.4&#8243; _module_preset=&raquo;default&raquo; background_color=&raquo;#F2F0E8&#8243; global_colors_info=&raquo;{}&raquo;][et_pb_row _builder_version=&raquo;4.27.4&#8243; _module_preset=&raquo;default&raquo; global_colors_info=&raquo;{}&raquo;][et_pb_column type=&raquo;4_4&#8243; _builder_version=&raquo;4.27.4&#8243; _module_preset=&raquo;default&raquo; global_colors_info=&raquo;{}&raquo;][et_pb_text _builder_version=&raquo;4.27.4&#8243; _module_preset=&raquo;762006ab-b02a-4933-b08d-7540c9e3fc5e&raquo; global_colors_info=&raquo;{}&raquo;]<\/p>\n<p>Veshovda Gjerdesystem er enkelt \u00e5 sette opp og montere. Hestene har stor respekt for det. Vi har aldri hatt s\u00e5 vedlikeholdsfritt gjerde p\u00e5 senteret f\u00f8r. Skal vi sette opp eller bytte noen gjerdelinjer i fremtiden, s\u00e5 er dette systemet som vi skal bruke.<\/p>\n<p><i>&#8211; Roald Sleveland v\/Sk\u00e5re ridesenter<\/i><i><\/i><\/p>\n<p>[\/et_pb_text][\/et_pb_column][\/et_pb_row][\/et_pb_section][et_pb_section fb_built=&raquo;1&#8243; _builder_version=&raquo;4.27.4&#8243; _module_preset=&raquo;default&raquo; global_colors_info=&raquo;{}&raquo;][et_pb_row _builder_version=&raquo;4.27.4&#8243; _module_preset=&raquo;c5e9c579-ab2c-4a71-849e-1d158ec53e20&#8243; locked=&raquo;off&raquo; global_colors_info=&raquo;{}&raquo;][et_pb_column type=&raquo;4_4&#8243; _builder_version=&raquo;4.27.4&#8243; _module_preset=&raquo;default&raquo; global_colors_info=&raquo;{}&raquo;][et_pb_image src=&raquo;https:\/\/gjerdesystem.no\/wp-content\/uploads\/2025\/05\/shutterstock_110973266.jpg&raquo; title_text=&raquo;Veshovda Gjerdesystem&raquo; align=&raquo;center&raquo; _builder_version=&raquo;4.27.4&#8243; _module_preset=&raquo;default&raquo; global_colors_info=&raquo;{}&raquo;][\/et_pb_image][et_pb_text _builder_version=&raquo;4.27.4&#8243; _module_preset=&raquo;default&raquo; global_colors_info=&raquo;{}&raquo;]<\/p>\n<h2>Industri og anlegg<\/h2>\n<p>I tillegg til \u00e5 v\u00e6re et p\u00e5litelig gjerdesystem for beiteomr\u00e5der, er Veshovda Gjerdesystem ogs\u00e5 velegnet for industriform\u00e5l og sikringsbehov. Det benyttes ofte til \u00e5 avgrense omr\u00e5der som vindparker, steinbrudd, havneomr\u00e5der, jernbaneinstallasjoner, forsvarsanlegg og veiprosjekter der sikkerhet, fleksibilitet og holdbarhet er avgj\u00f8rende. Veshovda Gjerdesystem er enkelt og raskt \u00e5 flytte p\u00e5, og st\u00e5r st\u00f8tt og trygt n\u00e5r det er satt opp.<\/p>\n<ul>\n<li>Vindparker<\/li>\n<li>Steinbrudd<\/li>\n<li>Havneomr\u00e5der<\/li>\n<li>Jernbane<\/li>\n<li>Forsvarsanlegg<\/li>\n<li>Veisikring<\/li>\n<\/ul>\n<p>[\/et_pb_text][\/et_pb_column][\/et_pb_row][\/et_pb_section][et_pb_section fb_built=&raquo;1&#8243; _builder_version=&raquo;4.27.4&#8243; _module_preset=&raquo;default&raquo; background_color=&raquo;#F2F0E8&#8243; global_colors_info=&raquo;{}&raquo;][et_pb_row _builder_version=&raquo;4.27.4&#8243; _module_preset=&raquo;default&raquo; global_colors_info=&raquo;{}&raquo;][et_pb_column type=&raquo;4_4&#8243; _builder_version=&raquo;4.27.4&#8243; _module_preset=&raquo;default&raquo; global_colors_info=&raquo;{}&raquo;][et_pb_text _builder_version=&raquo;4.27.4&#8243; _module_preset=&raquo;762006ab-b02a-4933-b08d-7540c9e3fc5e&raquo; global_colors_info=&raquo;{}&raquo;]<\/p>\n<p>Rett og slett fantastisk. Vi satte opp 10km gjerde i veldig kupert terreng, og det er perfekt til dette, og ikke minst s\u00e5 ble det satt opp p\u00e5 utrolig kort tid i forhold til vanlig nettinggjerde. Stramt og fint i tillegg. Vi satte dette opp for storfe.<\/p>\n<p>&#8211; Geir Ove Salte Fuglestad Bruk<\/p>\n<p>[\/et_pb_text][\/et_pb_column][\/et_pb_row][\/et_pb_section][et_pb_section fb_built=&raquo;1&#8243; _builder_version=&raquo;4.27.4&#8243; _module_preset=&raquo;default&raquo; global_colors_info=&raquo;{}&raquo;][et_pb_row _builder_version=&raquo;4.27.4&#8243; _module_preset=&raquo;c5e9c579-ab2c-4a71-849e-1d158ec53e20&#8243; locked=&raquo;off&raquo; global_colors_info=&raquo;{}&raquo;][et_pb_column type=&raquo;4_4&#8243; _builder_version=&raquo;4.27.4&#8243; _module_preset=&raquo;default&raquo; global_colors_info=&raquo;{}&raquo;][et_pb_image src=&raquo;https:\/\/gjerdesystem.no\/wp-content\/uploads\/2025\/05\/shutterstock_1046090887.jpg&raquo; title_text=&raquo;Veshovda Gjerdesystem&raquo; align=&raquo;center&raquo; _builder_version=&raquo;4.27.4&#8243; _module_preset=&raquo;default&raquo; global_colors_info=&raquo;{}&raquo;][\/et_pb_image][et_pb_text _builder_version=&raquo;4.27.4&#8243; _module_preset=&raquo;default&raquo; global_colors_info=&raquo;{}&raquo;]<\/p>\n<h2>Fruktproduksjon og hage<\/h2>\n<p>Gjerdet egner seg dessuten sv\u00e6rt godt til fruktproduksjon, hageanlegg og andre gr\u00f8ntomr\u00e5der, hvor det sikrer avlinger og planter mot dyr og u\u00f8nsket ferdsel. Dette gj\u00f8r Veshovda Gjerdesystem til en fleksibel l\u00f8sning som dekker b\u00e5de landbrukets og industriens behov for solid og varig inngjerding.<\/p>\n<p>Vi tilbyr profesjonell montering av v\u00e5re gjerder b\u00e5de p\u00e5 \u00d8stlandet og Vestlandet, slik at du kan v\u00e6re trygg p\u00e5 en solid og varig installasjon.<\/p>\n<p>Et Veshovda-gjerde er kjent for sin enkle vedlikehold, noe som gj\u00f8r det til en praktisk l\u00f8sning <br \/>for de som \u00f8nsker en varig inngjerding uten store driftskostnader. Med sin h\u00f8ye kvalitet og slitesterke materialer er dette et gjerdesystem som varer i generasjoner og gir trygghet for <br \/>b\u00e5de dyr, mennesker og verdifulle ressurser.<\/p>\n<p>[\/et_pb_text][\/et_pb_column][\/et_pb_row][\/et_pb_section][et_pb_section fb_built=&raquo;1&#8243; _builder_version=&raquo;4.27.4&#8243; _module_preset=&raquo;default&raquo; background_color=&raquo;#F2F0E8&#8243; global_colors_info=&raquo;{}&raquo;][et_pb_row _builder_version=&raquo;4.27.4&#8243; _module_preset=&raquo;default&raquo; global_colors_info=&raquo;{}&raquo;][et_pb_column type=&raquo;4_4&#8243; _builder_version=&raquo;4.27.4&#8243; _module_preset=&raquo;default&raquo; global_colors_info=&raquo;{}&raquo;][et_pb_text _builder_version=&raquo;4.27.4&#8243; _module_preset=&raquo;762006ab-b02a-4933-b08d-7540c9e3fc5e&raquo; global_colors_info=&raquo;{}&raquo;]<\/p>\n<p>Veshovda sitt gjerdesystem er s\u00e6rdeles bra her i Sirdal hvor vi kan f\u00e5 store mengder sn\u00f8. Med tradisjonelt gjerde brukte vi dagevis p\u00e5 \u00e5 ta ned om h\u00f8sten og opp igjen om v\u00e5ren. N\u00e5 g\u00e5r dette unna p\u00e5 noen f\u00e5 timer.<\/p>\n<p><em>&#8211; Aadne \u00c5dneram Sauebonde i \u00d8vre Sirdal<\/em><\/p>\n<p>[\/et_pb_text][\/et_pb_column][\/et_pb_row][\/et_pb_section][et_pb_section fb_built=&raquo;1&#8243; _builder_version=&raquo;4.27.4&#8243; _module_preset=&raquo;default&raquo; global_colors_info=&raquo;{}&raquo;][et_pb_row _builder_version=&raquo;4.27.4&#8243; _module_preset=&raquo;c5e9c579-ab2c-4a71-849e-1d158ec53e20&#8243; locked=&raquo;off&raquo; global_colors_info=&raquo;{}&raquo;][et_pb_column type=&raquo;4_4&#8243; _builder_version=&raquo;4.27.4&#8243; _module_preset=&raquo;default&raquo; global_colors_info=&raquo;{}&raquo;][et_pb_image src=&raquo;https:\/\/gjerdesystem.no\/wp-content\/uploads\/2025\/05\/82722aab351d5d5b02af0629717ccd38.jpg&raquo; title_text=&raquo;Veshovda Gjerdesystem&raquo; align=&raquo;center&raquo; _builder_version=&raquo;4.27.4&#8243; _module_preset=&raquo;default&raquo; global_colors_info=&raquo;{}&raquo;][\/et_pb_image][et_pb_text _builder_version=&raquo;4.27.4&#8243; _module_preset=&raquo;default&raquo; hover_enabled=&raquo;0&#8243; global_colors_info=&raquo;{}&raquo; sticky_enabled=&raquo;0&#8243;]<\/p>\n<h2>SPERREMANN \u2013 For rask og enkel avsperring.<\/h2>\n<h3>Midlertidige avsperringer for industri og offentlige arenaer<\/h3>\n<p>Sperremann er et mobilt redskap for rask og effektiv opp- og nedrigging av sperringer og som oppfyller krav om opplysningsskilting i forbindelse med avsperringer.<\/p>\n<p>Sperremann har hjul, samt h\u00e5ndtak, og kan derfor raskt og effektivt trilles p\u00e5 plass p\u00e5 \u00f8nsket omr\u00e5de.<\/p>\n<p>Sperremann er like anvendelig i industri, offshore og p\u00e5 land, som i offentlige sammenhenger slik som flyplasser, parkeringsanlegg og st\u00f8rre arrangement.<\/p>\n<p>\u2022 Industrielle landanlegg<br \/>\u2022 Verft<br \/>\u2022 Offshore<br \/>\u2022 Flyplasser<br \/>\u2022 Parkeringsanlegg<br \/>\u2022 Idrettsarenaer<\/p>\n<p>[\/et_pb_text][\/et_pb_column][\/et_pb_row][\/et_pb_section][et_pb_section fb_built=&raquo;1&#8243; _builder_version=&raquo;4.27.4&#8243; _module_preset=&raquo;default&raquo; background_color=&raquo;#F2F0E8&#8243; global_module=&raquo;216&#8243; global_colors_info=&raquo;{}&raquo;][et_pb_row column_structure=&raquo;1_2,1_2&#8243; _builder_version=&raquo;4.27.4&#8243; _module_preset=&raquo;default&raquo; global_colors_info=&raquo;{}&raquo;][et_pb_column type=&raquo;1_2&#8243; _builder_version=&raquo;4.27.4&#8243; _module_preset=&raquo;default&raquo; global_colors_info=&raquo;{}&raquo;][et_pb_text _builder_version=&raquo;4.27.4&#8243; _module_preset=&raquo;default&raquo; global_colors_info=&raquo;{}&raquo;]<\/p>\n<p><strong>Introduksjon Veshovda Gjerdesystem <\/strong><\/p>\n<p>[\/et_pb_text][et_pb_video src=&raquo;https:\/\/youtu.be\/gpQLdjyFH4o&raquo; _builder_version=&raquo;4.27.4&#8243; _module_preset=&raquo;default&raquo; global_colors_info=&raquo;{}&raquo;][\/et_pb_video][\/et_pb_column][et_pb_column type=&raquo;1_2&#8243; _builder_version=&raquo;4.27.4&#8243; _module_preset=&raquo;default&raquo; global_colors_info=&raquo;{}&raquo;][et_pb_text _builder_version=&raquo;4.27.4&#8243; _module_preset=&raquo;default&raquo; global_colors_info=&raquo;{}&raquo;]<\/p>\n<p><strong>Oppsett Veshovda Gjerdesystem <\/strong><\/p>\n<p>[\/et_pb_text][et_pb_video src=&raquo;https:\/\/player.vimeo.com\/video\/547892226&#8243; _builder_version=&raquo;4.27.4&#8243; _module_preset=&raquo;default&raquo; locked=&raquo;off&raquo; global_colors_info=&raquo;{}&raquo;][\/et_pb_video][\/et_pb_column][\/et_pb_row][et_pb_row column_structure=&raquo;1_2,1_2&#8243; _builder_version=&raquo;4.27.4&#8243; _module_preset=&raquo;default&raquo; global_colors_info=&raquo;{}&raquo;][et_pb_column type=&raquo;1_2&#8243; _builder_version=&raquo;4.27.4&#8243; _module_preset=&raquo;default&raquo; global_colors_info=&raquo;{}&raquo;][et_pb_text _builder_version=&raquo;4.27.4&#8243; _module_preset=&raquo;default&raquo; global_colors_info=&raquo;{}&raquo;]<\/p>\n<p><strong>Veshovda Gjerdesystem grindl\u00f8sning<\/strong><\/p>\n<p>[\/et_pb_text][et_pb_video src=&raquo;https:\/\/youtu.be\/rOJ5mWqHZUw&raquo; _builder_version=&raquo;4.27.4&#8243; _module_preset=&raquo;default&raquo; global_colors_info=&raquo;{}&raquo;][\/et_pb_video][\/et_pb_column][et_pb_column type=&raquo;1_2&#8243; _builder_version=&raquo;4.27.4&#8243; _module_preset=&raquo;default&raquo; global_colors_info=&raquo;{}&raquo;][et_pb_text _builder_version=&raquo;4.27.4&#8243; _module_preset=&raquo;default&raquo; global_colors_info=&raquo;{}&raquo;]<\/p>\n<p><strong>Last ned: Monteringsveiledning<\/strong><\/p>\n<p>[\/et_pb_text][et_pb_image src=&raquo;https:\/\/gjerdesystem.no\/wp-content\/uploads\/2025\/06\/montering-2.jpg&raquo; title_text=&raquo;Monteringsanvisninger &#8211; Veshovda gjerdesystem&raquo; url=&raquo;@ET-DC@eyJkeW5hbWljIjp0cnVlLCJjb250ZW50IjoicG9zdF9saW5rX3VybF9hdHRhY2htZW50Iiwic2V0dGluZ3MiOnsicG9zdF9pZCI6IjIxMiJ9fQ==@&raquo; _builder_version=&raquo;4.27.4&#8243; _dynamic_attributes=&raquo;url&raquo; _module_preset=&raquo;default&raquo; global_colors_info=&raquo;{}&raquo;][\/et_pb_image][\/et_pb_column][\/et_pb_row][\/et_pb_section][et_pb_section fb_built=&raquo;1&#8243; _builder_version=&raquo;4.27.4&#8243; _module_preset=&raquo;default&raquo; background_color=&raquo;#D6E5CB&raquo; global_module=&raquo;166&#8243; saved_tabs=&raquo;all&raquo; global_colors_info=&raquo;{}&raquo;][et_pb_row column_structure=&raquo;2_5,3_5&#8243; _builder_version=&raquo;4.27.4&#8243; _module_preset=&raquo;default&raquo; global_colors_info=&raquo;{}&raquo;][et_pb_column type=&raquo;2_5&#8243; _builder_version=&raquo;4.27.4&#8243; _module_preset=&raquo;default&raquo; global_colors_info=&raquo;{}&raquo;][et_pb_image src=&raquo;https:\/\/gjerdesystem.no\/wp-content\/uploads\/2025\/05\/round-Skjermbilde-2025-03-07-kl.-10.20.38.jpg&raquo; title_text=&raquo;Veshovda Gjerdesystem&raquo; align=&raquo;center&raquo; _builder_version=&raquo;4.27.4&#8243; _module_preset=&raquo;default&raquo; max_width=&raquo;300px&raquo; max_width_tablet=&raquo;260px&raquo; max_width_phone=&raquo;&raquo; max_width_last_edited=&raquo;on|tablet&raquo; module_alignment=&raquo;right&raquo; module_alignment_tablet=&raquo;center&raquo; module_alignment_phone=&raquo;&raquo; module_alignment_last_edited=&raquo;on|tablet&raquo; border_radii=&raquo;on|300px|300px|300px|300px&raquo; global_colors_info=&raquo;{}&raquo;][\/et_pb_image][\/et_pb_column][et_pb_column type=&raquo;3_5&#8243; _builder_version=&raquo;4.27.4&#8243; _module_preset=&raquo;default&raquo; custom_padding=&raquo;40px||||false|false&raquo; global_colors_info=&raquo;{}&raquo;][et_pb_text _builder_version=&raquo;4.27.4&#8243; _module_preset=&raquo;default&raquo; text_font_size=&raquo;22px&raquo; text_line_height=&raquo;1.6em&raquo; header_3_line_height=&raquo;1.5em&raquo; text_orientation_tablet=&raquo;center&raquo; text_orientation_phone=&raquo;&raquo; text_orientation_last_edited=&raquo;on|tablet&raquo; global_colors_info=&raquo;{}&raquo;]<\/p>\n<h3>V\u00e5re produkter kan bestilles direkte fra oss.<\/h3>\n<p><span style=\"width: 100px; height: 4px; background-color: #fff; display: inline-block; margin-bottom: 12px;\"> <\/span><br \/>Ta kontakt p\u00e5 telefon: <a href=\"tel:004791342369\">(+47) 913 42 369<\/a> eller epost: <a href=\"mailto:post@gjerdesystem.no\">post@gjerdesystem.no<\/a><\/p>\n<p>[\/et_pb_text][\/et_pb_column][\/et_pb_row][\/et_pb_section]<\/p>\n","protected":false},"excerpt":{"rendered":"<p>Bransjer &nbsp; Veshovda Gjerdesystem kan erstatte b\u00e5de tradisjonelle gjerder, str\u00f8mgjerder og piggtr\u00e5d. Man kan selv velge h\u00f8yde, type og antall tr\u00e5der, og det er valgfritt om gjerdet skal settes opp med eller uten str\u00f8m. I tillegg kan man bruke b\u00e5de jern- og trep\u00e5ler, noe som gir stor fleksibilitet tilpasset ulike behov og terreng. Veshovda Gjerdesystem [&hellip;]<\/p>\n","protected":false},"author":1,"featured_media":0,"parent":0,"menu_order":0,"comment_status":"closed","ping_status":"closed","template":"","meta":{"_et_pb_use_builder":"on","_et_pb_old_content":"<!-- wp:divi\/placeholder \/-->","_et_gb_content_width":"","footnotes":""},"class_list":["post-90","page","type-page","status-publish","hentry"],"yoast_head":"<!-- This site is optimized with the Yoast SEO plugin v27.4 - https:\/\/yoast.com\/product\/yoast-seo-wordpress\/ -->\n<title>Bransjer - Veshovda Gjerdesystem<\/title>\n<meta name=\"robots\" content=\"index, follow, max-snippet:-1, max-image-preview:large, max-video-preview:-1\" \/>\n<link rel=\"canonical\" href=\"https:\/\/gjerdesystem.no\/en\/bransjer\/\" \/>\n<meta property=\"og:locale\" content=\"en_GB\" \/>\n<meta property=\"og:type\" content=\"article\" \/>\n<meta property=\"og:title\" content=\"Bransjer - Veshovda Gjerdesystem\" \/>\n<meta property=\"og:description\" content=\"Bransjer &nbsp; Veshovda Gjerdesystem kan erstatte b\u00e5de tradisjonelle gjerder, str\u00f8mgjerder og piggtr\u00e5d. Man kan selv velge h\u00f8yde, type og antall tr\u00e5der, og det er valgfritt om gjerdet skal settes opp med eller uten str\u00f8m. I tillegg kan man bruke b\u00e5de jern- og trep\u00e5ler, noe som gir stor fleksibilitet tilpasset ulike behov og terreng. Veshovda Gjerdesystem [&hellip;]\" \/>\n<meta property=\"og:url\" content=\"https:\/\/gjerdesystem.no\/en\/bransjer\/\" \/>\n<meta property=\"og:site_name\" content=\"Veshovda Gjerdesystem\" \/>\n<meta property=\"article:modified_time\" content=\"2025-06-10T10:43:33+00:00\" \/>\n<meta name=\"twitter:card\" content=\"summary_large_image\" \/>\n<meta name=\"twitter:label1\" content=\"Estimated reading time\" \/>\n\t<meta name=\"twitter:data1\" content=\"10 minutes\" \/>\n<script type=\"application\/ld+json\" class=\"yoast-schema-graph\">{\"@context\":\"https:\\\/\\\/schema.org\",\"@graph\":[{\"@type\":\"WebPage\",\"@id\":\"https:\\\/\\\/gjerdesystem.no\\\/bransjer\\\/\",\"url\":\"https:\\\/\\\/gjerdesystem.no\\\/bransjer\\\/\",\"name\":\"Bransjer - Veshovda Gjerdesystem\",\"isPartOf\":{\"@id\":\"https:\\\/\\\/gjerdesystem.no\\\/#website\"},\"datePublished\":\"2025-05-30T10:49:38+00:00\",\"dateModified\":\"2025-06-10T10:43:33+00:00\",\"breadcrumb\":{\"@id\":\"https:\\\/\\\/gjerdesystem.no\\\/bransjer\\\/#breadcrumb\"},\"inLanguage\":\"en-GB\",\"potentialAction\":[{\"@type\":\"ReadAction\",\"target\":[\"https:\\\/\\\/gjerdesystem.no\\\/bransjer\\\/\"]}]},{\"@type\":\"BreadcrumbList\",\"@id\":\"https:\\\/\\\/gjerdesystem.no\\\/bransjer\\\/#breadcrumb\",\"itemListElement\":[{\"@type\":\"ListItem\",\"position\":1,\"name\":\"Hjem\",\"item\":\"https:\\\/\\\/gjerdesystem.no\\\/\"},{\"@type\":\"ListItem\",\"position\":2,\"name\":\"Bransjer\"}]},{\"@type\":\"WebSite\",\"@id\":\"https:\\\/\\\/gjerdesystem.no\\\/#website\",\"url\":\"https:\\\/\\\/gjerdesystem.no\\\/\",\"name\":\"Veshovda Gjerdesystem\",\"description\":\"Ta hele landet i bruk\",\"potentialAction\":[{\"@type\":\"SearchAction\",\"target\":{\"@type\":\"EntryPoint\",\"urlTemplate\":\"https:\\\/\\\/gjerdesystem.no\\\/?s={search_term_string}\"},\"query-input\":{\"@type\":\"PropertyValueSpecification\",\"valueRequired\":true,\"valueName\":\"search_term_string\"}}],\"inLanguage\":\"en-GB\"}]}<\/script>\n<!-- \/ Yoast SEO plugin. -->","yoast_head_json":{"title":"Bransjer - Veshovda Gjerdesystem","robots":{"index":"index","follow":"follow","max-snippet":"max-snippet:-1","max-image-preview":"max-image-preview:large","max-video-preview":"max-video-preview:-1"},"canonical":"https:\/\/gjerdesystem.no\/en\/bransjer\/","og_locale":"en_GB","og_type":"article","og_title":"Bransjer - Veshovda Gjerdesystem","og_description":"Bransjer &nbsp; Veshovda Gjerdesystem kan erstatte b\u00e5de tradisjonelle gjerder, str\u00f8mgjerder og piggtr\u00e5d. Man kan selv velge h\u00f8yde, type og antall tr\u00e5der, og det er valgfritt om gjerdet skal settes opp med eller uten str\u00f8m. I tillegg kan man bruke b\u00e5de jern- og trep\u00e5ler, noe som gir stor fleksibilitet tilpasset ulike behov og terreng. Veshovda Gjerdesystem [&hellip;]","og_url":"https:\/\/gjerdesystem.no\/en\/bransjer\/","og_site_name":"Veshovda Gjerdesystem","article_modified_time":"2025-06-10T10:43:33+00:00","twitter_card":"summary_large_image","twitter_misc":{"Estimated reading time":"10 minutes"},"schema":{"@context":"https:\/\/schema.org","@graph":[{"@type":"WebPage","@id":"https:\/\/gjerdesystem.no\/bransjer\/","url":"https:\/\/gjerdesystem.no\/bransjer\/","name":"Bransjer - Veshovda Gjerdesystem","isPartOf":{"@id":"https:\/\/gjerdesystem.no\/#website"},"datePublished":"2025-05-30T10:49:38+00:00","dateModified":"2025-06-10T10:43:33+00:00","breadcrumb":{"@id":"https:\/\/gjerdesystem.no\/bransjer\/#breadcrumb"},"inLanguage":"en-GB","potentialAction":[{"@type":"ReadAction","target":["https:\/\/gjerdesystem.no\/bransjer\/"]}]},{"@type":"BreadcrumbList","@id":"https:\/\/gjerdesystem.no\/bransjer\/#breadcrumb","itemListElement":[{"@type":"ListItem","position":1,"name":"Hjem","item":"https:\/\/gjerdesystem.no\/"},{"@type":"ListItem","position":2,"name":"Bransjer"}]},{"@type":"WebSite","@id":"https:\/\/gjerdesystem.no\/#website","url":"https:\/\/gjerdesystem.no\/","name":"Veshovda Fencing System","description":"Make use of the whole country","potentialAction":[{"@type":"SearchAction","target":{"@type":"EntryPoint","urlTemplate":"https:\/\/gjerdesystem.no\/?s={search_term_string}"},"query-input":{"@type":"PropertyValueSpecification","valueRequired":true,"valueName":"search_term_string"}}],"inLanguage":"en-GB"}]}},"_links":{"self":[{"href":"https:\/\/gjerdesystem.no\/en\/wp-json\/wp\/v2\/pages\/90","targetHints":{"allow":["GET"]}}],"collection":[{"href":"https:\/\/gjerdesystem.no\/en\/wp-json\/wp\/v2\/pages"}],"about":[{"href":"https:\/\/gjerdesystem.no\/en\/wp-json\/wp\/v2\/types\/page"}],"author":[{"embeddable":true,"href":"https:\/\/gjerdesystem.no\/en\/wp-json\/wp\/v2\/users\/1"}],"replies":[{"embeddable":true,"href":"https:\/\/gjerdesystem.no\/en\/wp-json\/wp\/v2\/comments?post=90"}],"version-history":[{"count":9,"href":"https:\/\/gjerdesystem.no\/en\/wp-json\/wp\/v2\/pages\/90\/revisions"}],"predecessor-version":[{"id":445,"href":"https:\/\/gjerdesystem.no\/en\/wp-json\/wp\/v2\/pages\/90\/revisions\/445"}],"wp:attachment":[{"href":"https:\/\/gjerdesystem.no\/en\/wp-json\/wp\/v2\/media?parent=90"}],"curies":[{"name":"wp","href":"https:\/\/api.w.org\/{rel}","templated":true}]}}