{"id":94,"date":"2025-05-30T12:50:10","date_gmt":"2025-05-30T10:50:10","guid":{"rendered":"https:\/\/gjerdesystem.no\/?page_id=94"},"modified":"2025-06-17T08:46:28","modified_gmt":"2025-06-17T06:46:28","slug":"forhandlere","status":"publish","type":"page","link":"https:\/\/gjerdesystem.no\/en\/forhandlere\/","title":{"rendered":"Dealers"},"content":{"rendered":"<p>[et_pb_section fb_built=&raquo;1&#8243; _builder_version=&raquo;4.27.4&#8243; _module_preset=&raquo;default&raquo; use_background_color_gradient=&raquo;on&raquo; background_color_gradient_stops=&raquo;rgba(12,35,10,0) 40%|rgba(12,35,10,0.74) 100%&raquo; background_color_gradient_overlays_image=&raquo;on&raquo; background_image=&raquo;https:\/\/gjerdesystem.no\/wp-content\/uploads\/2025\/06\/vhIMG_5179.jpg&raquo; height=&raquo;75vh&raquo; custom_padding=&raquo;0px||0px||false|false&raquo; locked=&raquo;off&raquo; global_colors_info=&raquo;{}&raquo;][et_pb_row _builder_version=&raquo;4.27.4&#8243; _module_preset=&raquo;default&raquo; custom_padding=&raquo;||||false|false&raquo; global_colors_info=&raquo;{}&raquo;][et_pb_column type=&raquo;4_4&#8243; _builder_version=&raquo;4.27.4&#8243; _module_preset=&raquo;default&raquo; global_colors_info=&raquo;{}&raquo;][et_pb_text _builder_version=&raquo;4.27.4&#8243; _module_preset=&raquo;default&raquo; header_font=&raquo;|800|||||||&raquo; header_text_color=&raquo;#FFFFFF&raquo; header_font_size=&raquo;75px&raquo; custom_margin=&raquo;50vh||||false|false&raquo; global_colors_info=&raquo;{}&raquo;]<\/p>\n<h1 style=\"text-align: center;\">Forhandlere<\/h1>\n<p>[\/et_pb_text][\/et_pb_column][\/et_pb_row][\/et_pb_section][et_pb_section fb_built=&raquo;1&#8243; _builder_version=&raquo;4.27.4&#8243; _module_preset=&raquo;default&raquo; background_color=&raquo;#F2F0E8&#8243; custom_padding=&raquo;60px||60px||false|false&raquo; locked=&raquo;off&raquo; global_colors_info=&raquo;{}&raquo;][et_pb_row _builder_version=&raquo;4.27.4&#8243; _module_preset=&raquo;default&raquo; custom_margin=&raquo;||40px||false|false&raquo; custom_padding=&raquo;||||false|false&raquo; global_colors_info=&raquo;{}&raquo;][et_pb_column type=&raquo;4_4&#8243; _builder_version=&raquo;4.27.4&#8243; _module_preset=&raquo;default&raquo; global_colors_info=&raquo;{}&raquo;][et_pb_text _builder_version=&raquo;4.27.4&#8243; _module_preset=&raquo;131146de-f289-44e4-b1a2-87d69f4d270e&raquo; max_width=&raquo;720px&raquo; locked=&raquo;off&raquo; global_colors_info=&raquo;{}&raquo;]<\/p>\n<p style=\"text-align: center;\"><strong>Produktene finner du hos Bondekompaniet eller bestilles direkte fra oss.<\/strong><\/p>\n<p>[\/et_pb_text][\/et_pb_column][\/et_pb_row][et_pb_row column_structure=&raquo;2_5,3_5&#8243; _builder_version=&raquo;4.27.4&#8243; _module_preset=&raquo;default&raquo; background_color=&raquo;#FFFFFF&raquo; custom_margin=&raquo;||40px||false|false&raquo; custom_padding=&raquo;||||false|false&raquo; global_colors_info=&raquo;{}&raquo;][et_pb_column type=&raquo;2_5&#8243; _builder_version=&raquo;4.27.4&#8243; _module_preset=&raquo;default&raquo; global_colors_info=&raquo;{}&raquo;][et_pb_image src=&raquo;https:\/\/gjerdesystem.no\/wp-content\/uploads\/2025\/05\/round-Skjermbilde-2025-03-07-kl.-10.20.38.jpg&raquo; title_text=&raquo;Veshovda Gjerdesystem&raquo; show_bottom_space=&raquo;off&raquo; align=&raquo;center&raquo; _builder_version=&raquo;4.27.4&#8243; _module_preset=&raquo;default&raquo; width=&raquo;300px&raquo; module_alignment=&raquo;right&raquo; custom_margin=&raquo;40px||60px||false|false&raquo; border_radii=&raquo;on|300px|300px|300px|300px&raquo; locked=&raquo;off&raquo; global_colors_info=&raquo;{}&raquo;][\/et_pb_image][\/et_pb_column][et_pb_column type=&raquo;3_5&#8243; _builder_version=&raquo;4.27.4&#8243; _module_preset=&raquo;default&raquo; custom_padding=&raquo;60px|40px|30px||false|false&raquo; global_colors_info=&raquo;{}&raquo;][et_pb_image src=&raquo;https:\/\/gjerdesystem.no\/wp-content\/uploads\/2025\/06\/vg-logo.jpg&raquo; title_text=&raquo;Veshovda Gjeredsystem AS&raquo; show_bottom_space=&raquo;off&raquo; _builder_version=&raquo;4.27.4&#8243; _module_preset=&raquo;default&raquo; max_width=&raquo;360px&raquo; module_alignment=&raquo;left&raquo; custom_margin=&raquo;||40px||false|false&raquo; global_colors_info=&raquo;{}&raquo;][\/et_pb_image][et_pb_text _builder_version=&raquo;4.27.4&#8243; _module_preset=&raquo;default&raquo; hover_enabled=&raquo;0&#8243; global_colors_info=&raquo;{}&raquo; sticky_enabled=&raquo;0&#8243;]<\/p>\n<h2>Bestill produkter direkte fra oss.<\/h2>\n<p><strong>Vi har lang erfaring innen gjerding og de utfordringer dette arbeid inneb\u00e6rer. Sp\u00f8r oss gjerne dersom du lurer p\u00e5 noe.<\/strong><\/p>\n<p>Ta kontakt p\u00e5 telefon <a href=\"tel:004791342369\">(+47) 913 42 369<\/a> eller epost: <a href=\"mailto:post@gjerdesystem.no\">post@gjerdesystem.no<\/a><\/p>\n<p><strong><\/strong><\/p>\n<p><strong>Salgskontakt:<\/strong><br \/>Tom Ove Rasmussen<br \/>Telefon: <a href=\"tel:004747750648\">(+47) <span>477 50 648<\/span><\/a><\/p>\n<p>[\/et_pb_text][\/et_pb_column][\/et_pb_row][et_pb_row column_structure=&raquo;2_5,3_5&#8243; _builder_version=&raquo;4.27.4&#8243; _module_preset=&raquo;default&raquo; background_color=&raquo;#FFFFFF&raquo; custom_margin=&raquo;||||false|false&raquo; custom_padding=&raquo;||||false|false&raquo; global_colors_info=&raquo;{}&raquo;][et_pb_column type=&raquo;2_5&#8243; _builder_version=&raquo;4.27.4&#8243; _module_preset=&raquo;default&raquo; global_colors_info=&raquo;{}&raquo;][et_pb_image src=&raquo;https:\/\/gjerdesystem.no\/wp-content\/uploads\/2025\/06\/bondekompaniet.jpg&raquo; title_text=&raquo;bondekompaniet&raquo; show_bottom_space=&raquo;off&raquo; align=&raquo;center&raquo; _builder_version=&raquo;4.27.4&#8243; _module_preset=&raquo;default&raquo; width=&raquo;300px&raquo; module_alignment=&raquo;right&raquo; custom_margin=&raquo;60px||||false|false&raquo; locked=&raquo;off&raquo; global_colors_info=&raquo;{}&raquo;][\/et_pb_image][\/et_pb_column][et_pb_column type=&raquo;3_5&#8243; _builder_version=&raquo;4.27.4&#8243; _module_preset=&raquo;default&raquo; custom_padding=&raquo;60px|40px|30px||false|false&raquo; global_colors_info=&raquo;{}&raquo;][et_pb_text _builder_version=&raquo;4.27.4&#8243; _module_preset=&raquo;default&raquo; global_colors_info=&raquo;{}&raquo;]<\/p>\n<h2>Bestill Veshovda produkter hos bondekompaniet.<\/h2>\n<p><b>V\u00e5re produkter er tilgjengelige fra Bondekompaniet og kan ogs\u00e5 bestilles via deres nettbutikk<\/b><\/p>\n<p>[\/et_pb_text][et_pb_button button_url=&raquo;https:\/\/bondekompaniet.no\/search\/veshovda&raquo; button_text=&raquo;G\u00e5 til nettbutikk&raquo; _builder_version=&raquo;4.27.4&#8243; _module_preset=&raquo;default&raquo; custom_margin=&raquo;||30px||false|false&raquo; global_colors_info=&raquo;{}&raquo;][\/et_pb_button][\/et_pb_column][\/et_pb_row][\/et_pb_section][et_pb_section fb_built=&raquo;1&#8243; _builder_version=&raquo;4.27.4&#8243; _module_preset=&raquo;default&raquo; background_color=&raquo;#F2F0E8&#8243; custom_padding=&raquo;60px||60px||false|false&raquo; locked=&raquo;off&raquo; global_colors_info=&raquo;{}&raquo;][et_pb_row _builder_version=&raquo;4.27.4&#8243; _module_preset=&raquo;default&raquo; custom_margin=&raquo;|auto|1px|auto|false|false&raquo; custom_padding=&raquo;||||false|false&raquo; global_colors_info=&raquo;{}&raquo;][et_pb_column type=&raquo;4_4&#8243; _builder_version=&raquo;4.27.4&#8243; _module_preset=&raquo;default&raquo; global_colors_info=&raquo;{}&raquo;][et_pb_text _builder_version=&raquo;4.27.4&#8243; _module_preset=&raquo;131146de-f289-44e4-b1a2-87d69f4d270e&raquo; locked=&raquo;off&raquo; global_colors_info=&raquo;{}&raquo;]<\/p>\n<p style=\"text-align: center;\"><strong>Montering<\/strong><\/p>\n<p>[\/et_pb_text][\/et_pb_column][\/et_pb_row][et_pb_row column_structure=&raquo;1_2,1_2&#8243; _builder_version=&raquo;4.27.4&#8243; _module_preset=&raquo;default&raquo; global_colors_info=&raquo;{}&raquo;][et_pb_column type=&raquo;1_2&#8243; _builder_version=&raquo;4.27.4&#8243; _module_preset=&raquo;default&raquo; global_colors_info=&raquo;{}&raquo;][et_pb_text _builder_version=&raquo;4.27.4&#8243; _module_preset=&raquo;default&raquo; text_font_size=&raquo;22px&raquo; background_color=&raquo;#FFFFFF&raquo; custom_padding=&raquo;50px||60px||false|false&raquo; link_option_url=&raquo;https:\/\/dalas.no&raquo; global_colors_info=&raquo;{}&raquo;]<\/p>\n<p style=\"text-align: center;\"><strong>Bestill montering<\/strong><br \/>\n<strong>p\u00e5 Vestlandet<\/strong><br \/>\n<span style=\"width: 60px; height: 3px; background-color: #86a86e; display: inline-block; position: relative; text-align: center;\"> <\/span><br \/>\nDalane Anleggservice AS<\/p>\n<p style=\"text-align: center;font-size:16px;\">Se nettside: dalas.no<\/p>\n<p>[\/et_pb_text][\/et_pb_column][et_pb_column type=&raquo;1_2&#8243; _builder_version=&raquo;4.27.4&#8243; _module_preset=&raquo;default&raquo; global_colors_info=&raquo;{}&raquo;][et_pb_text _builder_version=&raquo;4.27.4&#8243; _module_preset=&raquo;default&raquo; text_font_size=&raquo;22px&raquo; background_color=&raquo;#FFFFFF&raquo; custom_padding=&raquo;50px||60px||false|false&raquo; global_colors_info=&raquo;{}&raquo;]<\/p>\n<p style=\"text-align: center;\"><strong>Bestill montering <\/strong><br \/><strong>p\u00e5 \u00d8stlandet<br \/><\/strong><span style=\"width: 60px; height: 3px; background-color: #86a86e; display: inline-block; position: relative; text-align: center;\"> <\/span><br \/>Kontakt:\u00a0<\/p>\n<p style=\"text-align: center;\"><a href=\"mailto:espen@haugerudgard.no\" title=\"mailto:espen@haugerudgard.no\" data-outlook-id=\"ef8cf613-0005-41ef-8a87-6e84e58f757c\">espen@haugerudgard.no<\/a><\/p>\n<p>[\/et_pb_text][\/et_pb_column][\/et_pb_row][\/et_pb_section][et_pb_section fb_built=&raquo;1&#8243; _builder_version=&raquo;4.27.4&#8243; _module_preset=&raquo;default&raquo; global_colors_info=&raquo;{}&raquo;][\/et_pb_section]<\/p>\n","protected":false},"excerpt":{"rendered":"<p>ForhandlereProduktene finner du hos Bondekompaniet eller bestilles direkte fra oss.Bestill produkter direkte fra oss. Vi har lang erfaring innen gjerding og de utfordringer dette arbeid inneb\u00e6rer. Sp\u00f8r oss gjerne dersom du lurer p\u00e5 noe. Ta kontakt p\u00e5 telefon (+47) 913 42 369 eller epost: post@gjerdesystem.no Salgskontakt:Tom Ove RasmussenTelefon: (+47) 477 50 648Bestill Veshovda produkter hos [&hellip;]<\/p>\n","protected":false},"author":1,"featured_media":0,"parent":0,"menu_order":0,"comment_status":"closed","ping_status":"closed","template":"","meta":{"_et_pb_use_builder":"on","_et_pb_old_content":"<!-- wp:divi\/placeholder \/-->","_et_gb_content_width":"","footnotes":""},"class_list":["post-94","page","type-page","status-publish","hentry"],"yoast_head":"<!-- This site is optimized with the Yoast SEO plugin v27.4 - https:\/\/yoast.com\/product\/yoast-seo-wordpress\/ -->\n<title>Forhandlere - Veshovda Gjerdesystem<\/title>\n<meta name=\"robots\" content=\"index, follow, max-snippet:-1, max-image-preview:large, max-video-preview:-1\" \/>\n<link rel=\"canonical\" href=\"https:\/\/gjerdesystem.no\/en\/forhandlere\/\" \/>\n<meta property=\"og:locale\" content=\"en_GB\" \/>\n<meta property=\"og:type\" content=\"article\" \/>\n<meta property=\"og:title\" content=\"Forhandlere - Veshovda Gjerdesystem\" \/>\n<meta property=\"og:description\" content=\"ForhandlereProduktene finner du hos Bondekompaniet eller bestilles direkte fra oss.Bestill produkter direkte fra oss. Vi har lang erfaring innen gjerding og de utfordringer dette arbeid inneb\u00e6rer. Sp\u00f8r oss gjerne dersom du lurer p\u00e5 noe. Ta kontakt p\u00e5 telefon (+47) 913 42 369 eller epost: post@gjerdesystem.no Salgskontakt:Tom Ove RasmussenTelefon: (+47) 477 50 648Bestill Veshovda produkter hos [&hellip;]\" \/>\n<meta property=\"og:url\" content=\"https:\/\/gjerdesystem.no\/en\/forhandlere\/\" \/>\n<meta property=\"og:site_name\" content=\"Veshovda Gjerdesystem\" \/>\n<meta property=\"article:modified_time\" content=\"2025-06-17T06:46:28+00:00\" \/>\n<meta name=\"twitter:card\" content=\"summary_large_image\" \/>\n<meta name=\"twitter:label1\" content=\"Estimated reading time\" \/>\n\t<meta name=\"twitter:data1\" content=\"4 minutes\" \/>\n<script type=\"application\/ld+json\" class=\"yoast-schema-graph\">{\"@context\":\"https:\\\/\\\/schema.org\",\"@graph\":[{\"@type\":\"WebPage\",\"@id\":\"https:\\\/\\\/gjerdesystem.no\\\/forhandlere\\\/\",\"url\":\"https:\\\/\\\/gjerdesystem.no\\\/forhandlere\\\/\",\"name\":\"Forhandlere - Veshovda Gjerdesystem\",\"isPartOf\":{\"@id\":\"https:\\\/\\\/gjerdesystem.no\\\/#website\"},\"datePublished\":\"2025-05-30T10:50:10+00:00\",\"dateModified\":\"2025-06-17T06:46:28+00:00\",\"breadcrumb\":{\"@id\":\"https:\\\/\\\/gjerdesystem.no\\\/forhandlere\\\/#breadcrumb\"},\"inLanguage\":\"en-GB\",\"potentialAction\":[{\"@type\":\"ReadAction\",\"target\":[\"https:\\\/\\\/gjerdesystem.no\\\/forhandlere\\\/\"]}]},{\"@type\":\"BreadcrumbList\",\"@id\":\"https:\\\/\\\/gjerdesystem.no\\\/forhandlere\\\/#breadcrumb\",\"itemListElement\":[{\"@type\":\"ListItem\",\"position\":1,\"name\":\"Hjem\",\"item\":\"https:\\\/\\\/gjerdesystem.no\\\/\"},{\"@type\":\"ListItem\",\"position\":2,\"name\":\"Forhandlere\"}]},{\"@type\":\"WebSite\",\"@id\":\"https:\\\/\\\/gjerdesystem.no\\\/#website\",\"url\":\"https:\\\/\\\/gjerdesystem.no\\\/\",\"name\":\"Veshovda Gjerdesystem\",\"description\":\"Ta hele landet i bruk\",\"potentialAction\":[{\"@type\":\"SearchAction\",\"target\":{\"@type\":\"EntryPoint\",\"urlTemplate\":\"https:\\\/\\\/gjerdesystem.no\\\/?s={search_term_string}\"},\"query-input\":{\"@type\":\"PropertyValueSpecification\",\"valueRequired\":true,\"valueName\":\"search_term_string\"}}],\"inLanguage\":\"en-GB\"}]}<\/script>\n<!-- \/ Yoast SEO plugin. -->","yoast_head_json":{"title":"Forhandlere - Veshovda Gjerdesystem","robots":{"index":"index","follow":"follow","max-snippet":"max-snippet:-1","max-image-preview":"max-image-preview:large","max-video-preview":"max-video-preview:-1"},"canonical":"https:\/\/gjerdesystem.no\/en\/forhandlere\/","og_locale":"en_GB","og_type":"article","og_title":"Forhandlere - Veshovda Gjerdesystem","og_description":"ForhandlereProduktene finner du hos Bondekompaniet eller bestilles direkte fra oss.Bestill produkter direkte fra oss. Vi har lang erfaring innen gjerding og de utfordringer dette arbeid inneb\u00e6rer. Sp\u00f8r oss gjerne dersom du lurer p\u00e5 noe. Ta kontakt p\u00e5 telefon (+47) 913 42 369 eller epost: post@gjerdesystem.no Salgskontakt:Tom Ove RasmussenTelefon: (+47) 477 50 648Bestill Veshovda produkter hos [&hellip;]","og_url":"https:\/\/gjerdesystem.no\/en\/forhandlere\/","og_site_name":"Veshovda Gjerdesystem","article_modified_time":"2025-06-17T06:46:28+00:00","twitter_card":"summary_large_image","twitter_misc":{"Estimated reading time":"4 minutes"},"schema":{"@context":"https:\/\/schema.org","@graph":[{"@type":"WebPage","@id":"https:\/\/gjerdesystem.no\/forhandlere\/","url":"https:\/\/gjerdesystem.no\/forhandlere\/","name":"Forhandlere - Veshovda Gjerdesystem","isPartOf":{"@id":"https:\/\/gjerdesystem.no\/#website"},"datePublished":"2025-05-30T10:50:10+00:00","dateModified":"2025-06-17T06:46:28+00:00","breadcrumb":{"@id":"https:\/\/gjerdesystem.no\/forhandlere\/#breadcrumb"},"inLanguage":"en-GB","potentialAction":[{"@type":"ReadAction","target":["https:\/\/gjerdesystem.no\/forhandlere\/"]}]},{"@type":"BreadcrumbList","@id":"https:\/\/gjerdesystem.no\/forhandlere\/#breadcrumb","itemListElement":[{"@type":"ListItem","position":1,"name":"Hjem","item":"https:\/\/gjerdesystem.no\/"},{"@type":"ListItem","position":2,"name":"Forhandlere"}]},{"@type":"WebSite","@id":"https:\/\/gjerdesystem.no\/#website","url":"https:\/\/gjerdesystem.no\/","name":"Veshovda Fencing System","description":"Make use of the whole country","potentialAction":[{"@type":"SearchAction","target":{"@type":"EntryPoint","urlTemplate":"https:\/\/gjerdesystem.no\/?s={search_term_string}"},"query-input":{"@type":"PropertyValueSpecification","valueRequired":true,"valueName":"search_term_string"}}],"inLanguage":"en-GB"}]}},"_links":{"self":[{"href":"https:\/\/gjerdesystem.no\/en\/wp-json\/wp\/v2\/pages\/94","targetHints":{"allow":["GET"]}}],"collection":[{"href":"https:\/\/gjerdesystem.no\/en\/wp-json\/wp\/v2\/pages"}],"about":[{"href":"https:\/\/gjerdesystem.no\/en\/wp-json\/wp\/v2\/types\/page"}],"author":[{"embeddable":true,"href":"https:\/\/gjerdesystem.no\/en\/wp-json\/wp\/v2\/users\/1"}],"replies":[{"embeddable":true,"href":"https:\/\/gjerdesystem.no\/en\/wp-json\/wp\/v2\/comments?post=94"}],"version-history":[{"count":9,"href":"https:\/\/gjerdesystem.no\/en\/wp-json\/wp\/v2\/pages\/94\/revisions"}],"predecessor-version":[{"id":475,"href":"https:\/\/gjerdesystem.no\/en\/wp-json\/wp\/v2\/pages\/94\/revisions\/475"}],"wp:attachment":[{"href":"https:\/\/gjerdesystem.no\/en\/wp-json\/wp\/v2\/media?parent=94"}],"curies":[{"name":"wp","href":"https:\/\/api.w.org\/{rel}","templated":true}]}}