{"id":98,"date":"2025-05-30T12:51:01","date_gmt":"2025-05-30T10:51:01","guid":{"rendered":"https:\/\/gjerdesystem.no\/?page_id=98"},"modified":"2025-06-17T08:54:43","modified_gmt":"2025-06-17T06:54:43","slug":"sperremann","status":"publish","type":"page","link":"https:\/\/gjerdesystem.no\/en\/produkter\/sperremann\/","title":{"rendered":"Sperremann &#8211; rask og enkel avsperring"},"content":{"rendered":"<p>[et_pb_section fb_built=&raquo;1&#8243; _builder_version=&raquo;4.27.4&#8243; _module_preset=&raquo;default&raquo; custom_margin=&raquo;||||false|false&raquo; custom_padding=&raquo;90px||||false|false&raquo; locked=&raquo;off&raquo; global_colors_info=&raquo;{}&raquo;][et_pb_row _builder_version=&raquo;4.27.4&#8243; _module_preset=&raquo;default&raquo; global_colors_info=&raquo;{}&raquo;][et_pb_column type=&raquo;4_4&#8243; _builder_version=&raquo;4.27.4&#8243; _module_preset=&raquo;default&raquo; global_colors_info=&raquo;{}&raquo;][et_pb_text _builder_version=&raquo;4.27.4&#8243; _module_preset=&raquo;131146de-f289-44e4-b1a2-87d69f4d270e&raquo; global_colors_info=&raquo;{}&raquo;]<\/p>\n<h1 style=\"text-align: center;\">SPERREMANN<br \/>\u2013 For rask og enkel avsperring<\/h1>\n<p style=\"text-align: center;\">\n<p style=\"text-align: center;\">Sperremann er et mobilt redskap for rask og effektiv opp- og nedrigging av sperringer og som oppfyller krav om opplysnings- skilting i forbindelse med avsperringer.<\/p>\n<p>[\/et_pb_text][\/et_pb_column][\/et_pb_row][\/et_pb_section][et_pb_section fb_built=&raquo;1&#8243; _builder_version=&raquo;4.27.4&#8243; _module_preset=&raquo;default&raquo; locked=&raquo;off&raquo; global_colors_info=&raquo;{}&raquo;][et_pb_row column_structure=&raquo;1_2,1_2&#8243; _builder_version=&raquo;4.27.4&#8243; _module_preset=&raquo;default&raquo; global_colors_info=&raquo;{}&raquo;][et_pb_column type=&raquo;1_2&#8243; _builder_version=&raquo;4.27.4&#8243; _module_preset=&raquo;default&raquo; global_colors_info=&raquo;{}&raquo;][et_pb_image src=&raquo;https:\/\/gjerdesystem.no\/wp-content\/uploads\/2025\/05\/6d8ca5ff6f74480e90dc7e3f2ac4eba0.jpg&raquo; title_text=&raquo;SPERREMANN \u2013 For rask og enkel avsperring. Veshovda Gjerdesystem&raquo; force_fullwidth=&raquo;on&raquo; _builder_version=&raquo;4.27.4&#8243; _module_preset=&raquo;default&raquo; global_colors_info=&raquo;{}&raquo;][\/et_pb_image][et_pb_text _builder_version=&raquo;4.27.4&#8243; _module_preset=&raquo;default&raquo; hover_enabled=&raquo;0&#8243; sticky_enabled=&raquo;0&#8243;]<\/p>\n<p><a href=\"https:\/\/gjerdesystem.no\/wp-content\/uploads\/2025\/06\/sperre-web.pdf\">Last ned dataark<\/a><\/p>\n<p>[\/et_pb_text][\/et_pb_column][et_pb_column type=&raquo;1_2&#8243; _builder_version=&raquo;4.27.4&#8243; _module_preset=&raquo;default&raquo; global_colors_info=&raquo;{}&raquo;][et_pb_text _builder_version=&raquo;4.27.4&#8243; _module_preset=&raquo;default&raquo; global_colors_info=&raquo;{}&raquo;]<\/p>\n<p><strong>Anvendelse<\/strong><br \/>Sperremann er alltid oppdresset og klar til bruk. Han har 15 meter r\u00f8d og hvit plastkjetting i hver \u201dlomme\u201d, samt skr\u00e5stilt lomme med pleksiglass for vindsikker lagring og bruk av opplysningsskilt.<\/p>\n<p>Sperremann har hjul, samt h\u00e5ndtak, og kan derfor raskt og effektivt trilles p\u00e5 plass p\u00e5 \u00f8nsket omr\u00e5de.<\/p>\n<p>Sperremann er like anvendelig p\u00e5 landanlegg og verft som offshore.Sperremann har meget lavt tyngdepunkt pga innst\u00f8pt betong i nederste del av r\u00f8ret.<\/p>\n<p>Totalvekten er 40 kg og Sperremann st\u00e5r derfor st\u00f8dig selv i sterk vind.<\/p>\n<p><strong>Produktbeskrivelse<\/strong><br \/>Produsert i aluminium EN-AW-6060\/6082, og er pulverlakkert. H\u00f8yden er 1,4 meter. Sokkelplaten er 450\u00d7450 mm og har gummiknotter under.<\/p>\n<p><strong>Bruksanvisning<\/strong><br \/>Ved bruk trilles Sperremann raskt p\u00e5 plass og sperre- kjettingene trekkes ut av lommen og festes. Riktig skilt for info om \u00e5rsaken til avsperringen hentes frem i skilt- lommen (ikke inkludert), og \u00f8nsket omr\u00e5de er forskrifts- messig avsperret.<\/p>\n<p>M\u00e5 ikke l\u00f8ftes med kran og lignende.<\/p>\n<p>[\/et_pb_text][\/et_pb_column][\/et_pb_row][et_pb_row _builder_version=&raquo;4.27.4&#8243; _module_preset=&raquo;default&raquo; global_colors_info=&raquo;{}&raquo;][et_pb_column type=&raquo;4_4&#8243; _builder_version=&raquo;4.27.4&#8243; _module_preset=&raquo;default&raquo; global_colors_info=&raquo;{}&raquo;][et_pb_text _builder_version=&raquo;4.27.4&#8243; _module_preset=&raquo;default&raquo; global_colors_info=&raquo;{}&raquo;]<\/p>\n<p><strong>Bildegalleri<\/strong><\/p>\n<p>[\/et_pb_text][et_pb_gallery gallery_ids=&raquo;132,115&#8243; show_title_and_caption=&raquo;off&raquo; show_pagination=&raquo;off&raquo; _builder_version=&raquo;4.27.4&#8243; _module_preset=&raquo;default&raquo; global_colors_info=&raquo;{}&raquo;][\/et_pb_gallery][\/et_pb_column][\/et_pb_row][\/et_pb_section][et_pb_section fb_built=&raquo;1&#8243; _builder_version=&raquo;4.27.4&#8243; _module_preset=&raquo;default&raquo; background_color=&raquo;#F2F0E8&#8243; locked=&raquo;off&raquo; global_colors_info=&raquo;{}&raquo;][et_pb_row _builder_version=&raquo;4.27.4&#8243; _module_preset=&raquo;default&raquo; custom_margin=&raquo;||40px||false|false&raquo; custom_padding=&raquo;||||false|false&raquo; global_colors_info=&raquo;{}&raquo;][et_pb_column type=&raquo;4_4&#8243; _builder_version=&raquo;4.27.4&#8243; _module_preset=&raquo;default&raquo; global_colors_info=&raquo;{}&raquo;][et_pb_text _builder_version=&raquo;4.27.4&#8243; _module_preset=&raquo;131146de-f289-44e4-b1a2-87d69f4d270e&raquo; locked=&raquo;off&raquo; global_colors_info=&raquo;{}&raquo;]<\/p>\n<p style=\"text-align: center;\"><strong>Bestilling og foresp\u00f8rsler<\/strong><\/p>\n<p>[\/et_pb_text][\/et_pb_column][\/et_pb_row][et_pb_row column_structure=&raquo;2_5,3_5&#8243; _builder_version=&raquo;4.27.4&#8243; _module_preset=&raquo;default&raquo; background_color=&raquo;#FFFFFF&raquo; custom_margin=&raquo;||90px||false|false&raquo; custom_padding=&raquo;||||false|false&raquo; global_colors_info=&raquo;{}&raquo;][et_pb_column type=&raquo;2_5&#8243; _builder_version=&raquo;4.27.4&#8243; _module_preset=&raquo;default&raquo; global_colors_info=&raquo;{}&raquo;][et_pb_image src=&raquo;https:\/\/gjerdesystem.no\/wp-content\/uploads\/2025\/05\/round-Skjermbilde-2025-03-07-kl.-10.20.38.jpg&raquo; title_text=&raquo;Veshovda Gjerdesystem&raquo; show_bottom_space=&raquo;off&raquo; align=&raquo;center&raquo; _builder_version=&raquo;4.27.4&#8243; _module_preset=&raquo;default&raquo; width=&raquo;300px&raquo; module_alignment=&raquo;right&raquo; custom_margin=&raquo;40px||60px||false|false&raquo; border_radii=&raquo;on|300px|300px|300px|300px&raquo; locked=&raquo;off&raquo; global_colors_info=&raquo;{}&raquo;][\/et_pb_image][\/et_pb_column][et_pb_column type=&raquo;3_5&#8243; _builder_version=&raquo;4.27.4&#8243; _module_preset=&raquo;default&raquo; custom_padding=&raquo;60px|40px|30px||false|false&raquo; global_colors_info=&raquo;{}&raquo;][et_pb_image src=&raquo;https:\/\/gjerdesystem.no\/wp-content\/uploads\/2025\/06\/vg-logo.jpg&raquo; title_text=&raquo;Veshovda Gjeredsystem AS&raquo; show_bottom_space=&raquo;off&raquo; _builder_version=&raquo;4.27.4&#8243; _module_preset=&raquo;default&raquo; max_width=&raquo;360px&raquo; module_alignment=&raquo;left&raquo; custom_margin=&raquo;||40px||false|false&raquo; global_colors_info=&raquo;{}&raquo;][\/et_pb_image][et_pb_text _builder_version=&raquo;4.27.4&#8243; _module_preset=&raquo;default&raquo; global_colors_info=&raquo;{}&raquo;]<\/p>\n<h2>Bestill produkter direkte fra oss.<\/h2>\n<p><strong>Vi har lang erfaring innen gjerding og de utfordringer dette arbeid inneb\u00e6rer. Sp\u00f8r oss gjerne dersom du lurer p\u00e5 noe.<\/strong><\/p>\n<p>Ta kontakt p\u00e5 telefon <a href=\"tel:004791342369\">(+47) 913 42 369<\/a> eller epost: <a href=\"mailto:post@gjerdesystem.no\">post@gjerdesystem.no<\/a><\/p>\n<p>[\/et_pb_text][\/et_pb_column][\/et_pb_row][\/et_pb_section]<\/p>\n","protected":false},"excerpt":{"rendered":"<p>SPERREMANN\u2013 For rask og enkel avsperring Sperremann er et mobilt redskap for rask og effektiv opp- og nedrigging av sperringer og som oppfyller krav om opplysnings- skilting i forbindelse med avsperringer.Last ned dataarkAnvendelseSperremann er alltid oppdresset og klar til bruk. Han har 15 meter r\u00f8d og hvit plastkjetting i hver \u201dlomme\u201d, samt skr\u00e5stilt lomme med [&hellip;]<\/p>\n","protected":false},"author":1,"featured_media":0,"parent":88,"menu_order":0,"comment_status":"closed","ping_status":"closed","template":"","meta":{"_et_pb_use_builder":"on","_et_pb_old_content":"<!-- wp:divi\/placeholder \/-->","_et_gb_content_width":"","footnotes":""},"class_list":["post-98","page","type-page","status-publish","hentry"],"yoast_head":"<!-- This site is optimized with the Yoast SEO plugin v27.4 - https:\/\/yoast.com\/product\/yoast-seo-wordpress\/ -->\n<title>Sperremann - rask og enkel avsperring - Veshovda Gjerdesystem<\/title>\n<meta name=\"robots\" content=\"index, follow, max-snippet:-1, max-image-preview:large, max-video-preview:-1\" \/>\n<link rel=\"canonical\" href=\"https:\/\/gjerdesystem.no\/en\/produkter\/sperremann\/\" \/>\n<meta property=\"og:locale\" content=\"en_GB\" \/>\n<meta property=\"og:type\" content=\"article\" \/>\n<meta property=\"og:title\" content=\"Sperremann - rask og enkel avsperring - Veshovda Gjerdesystem\" \/>\n<meta property=\"og:description\" content=\"SPERREMANN\u2013 For rask og enkel avsperring Sperremann er et mobilt redskap for rask og effektiv opp- og nedrigging av sperringer og som oppfyller krav om opplysnings- skilting i forbindelse med avsperringer.Last ned dataarkAnvendelseSperremann er alltid oppdresset og klar til bruk. Han har 15 meter r\u00f8d og hvit plastkjetting i hver \u201dlomme\u201d, samt skr\u00e5stilt lomme med [&hellip;]\" \/>\n<meta property=\"og:url\" content=\"https:\/\/gjerdesystem.no\/en\/produkter\/sperremann\/\" \/>\n<meta property=\"og:site_name\" content=\"Veshovda Gjerdesystem\" \/>\n<meta property=\"article:modified_time\" content=\"2025-06-17T06:54:43+00:00\" \/>\n<meta name=\"twitter:card\" content=\"summary_large_image\" \/>\n<meta name=\"twitter:label1\" content=\"Estimated reading time\" \/>\n\t<meta name=\"twitter:data1\" content=\"4 minutes\" \/>\n<script type=\"application\/ld+json\" class=\"yoast-schema-graph\">{\"@context\":\"https:\\\/\\\/schema.org\",\"@graph\":[{\"@type\":\"WebPage\",\"@id\":\"https:\\\/\\\/gjerdesystem.no\\\/produkter\\\/sperremann\\\/\",\"url\":\"https:\\\/\\\/gjerdesystem.no\\\/produkter\\\/sperremann\\\/\",\"name\":\"Sperremann - rask og enkel avsperring - Veshovda Gjerdesystem\",\"isPartOf\":{\"@id\":\"https:\\\/\\\/gjerdesystem.no\\\/#website\"},\"datePublished\":\"2025-05-30T10:51:01+00:00\",\"dateModified\":\"2025-06-17T06:54:43+00:00\",\"breadcrumb\":{\"@id\":\"https:\\\/\\\/gjerdesystem.no\\\/produkter\\\/sperremann\\\/#breadcrumb\"},\"inLanguage\":\"en-GB\",\"potentialAction\":[{\"@type\":\"ReadAction\",\"target\":[\"https:\\\/\\\/gjerdesystem.no\\\/produkter\\\/sperremann\\\/\"]}]},{\"@type\":\"BreadcrumbList\",\"@id\":\"https:\\\/\\\/gjerdesystem.no\\\/produkter\\\/sperremann\\\/#breadcrumb\",\"itemListElement\":[{\"@type\":\"ListItem\",\"position\":1,\"name\":\"Hjem\",\"item\":\"https:\\\/\\\/gjerdesystem.no\\\/\"},{\"@type\":\"ListItem\",\"position\":2,\"name\":\"Produkter\",\"item\":\"https:\\\/\\\/gjerdesystem.no\\\/produkter\\\/\"},{\"@type\":\"ListItem\",\"position\":3,\"name\":\"Sperremann &#8211; rask og enkel avsperring\"}]},{\"@type\":\"WebSite\",\"@id\":\"https:\\\/\\\/gjerdesystem.no\\\/#website\",\"url\":\"https:\\\/\\\/gjerdesystem.no\\\/\",\"name\":\"Veshovda Gjerdesystem\",\"description\":\"Ta hele landet i bruk\",\"potentialAction\":[{\"@type\":\"SearchAction\",\"target\":{\"@type\":\"EntryPoint\",\"urlTemplate\":\"https:\\\/\\\/gjerdesystem.no\\\/?s={search_term_string}\"},\"query-input\":{\"@type\":\"PropertyValueSpecification\",\"valueRequired\":true,\"valueName\":\"search_term_string\"}}],\"inLanguage\":\"en-GB\"}]}<\/script>\n<!-- \/ Yoast SEO plugin. -->","yoast_head_json":{"title":"Sperremann - rask og enkel avsperring - Veshovda Gjerdesystem","robots":{"index":"index","follow":"follow","max-snippet":"max-snippet:-1","max-image-preview":"max-image-preview:large","max-video-preview":"max-video-preview:-1"},"canonical":"https:\/\/gjerdesystem.no\/en\/produkter\/sperremann\/","og_locale":"en_GB","og_type":"article","og_title":"Sperremann - rask og enkel avsperring - Veshovda Gjerdesystem","og_description":"SPERREMANN\u2013 For rask og enkel avsperring Sperremann er et mobilt redskap for rask og effektiv opp- og nedrigging av sperringer og som oppfyller krav om opplysnings- skilting i forbindelse med avsperringer.Last ned dataarkAnvendelseSperremann er alltid oppdresset og klar til bruk. Han har 15 meter r\u00f8d og hvit plastkjetting i hver \u201dlomme\u201d, samt skr\u00e5stilt lomme med [&hellip;]","og_url":"https:\/\/gjerdesystem.no\/en\/produkter\/sperremann\/","og_site_name":"Veshovda Gjerdesystem","article_modified_time":"2025-06-17T06:54:43+00:00","twitter_card":"summary_large_image","twitter_misc":{"Estimated reading time":"4 minutes"},"schema":{"@context":"https:\/\/schema.org","@graph":[{"@type":"WebPage","@id":"https:\/\/gjerdesystem.no\/produkter\/sperremann\/","url":"https:\/\/gjerdesystem.no\/produkter\/sperremann\/","name":"Sperremann - rask og enkel avsperring - Veshovda Gjerdesystem","isPartOf":{"@id":"https:\/\/gjerdesystem.no\/#website"},"datePublished":"2025-05-30T10:51:01+00:00","dateModified":"2025-06-17T06:54:43+00:00","breadcrumb":{"@id":"https:\/\/gjerdesystem.no\/produkter\/sperremann\/#breadcrumb"},"inLanguage":"en-GB","potentialAction":[{"@type":"ReadAction","target":["https:\/\/gjerdesystem.no\/produkter\/sperremann\/"]}]},{"@type":"BreadcrumbList","@id":"https:\/\/gjerdesystem.no\/produkter\/sperremann\/#breadcrumb","itemListElement":[{"@type":"ListItem","position":1,"name":"Hjem","item":"https:\/\/gjerdesystem.no\/"},{"@type":"ListItem","position":2,"name":"Produkter","item":"https:\/\/gjerdesystem.no\/produkter\/"},{"@type":"ListItem","position":3,"name":"Sperremann &#8211; rask og enkel avsperring"}]},{"@type":"WebSite","@id":"https:\/\/gjerdesystem.no\/#website","url":"https:\/\/gjerdesystem.no\/","name":"Veshovda Fencing System","description":"Make use of the whole country","potentialAction":[{"@type":"SearchAction","target":{"@type":"EntryPoint","urlTemplate":"https:\/\/gjerdesystem.no\/?s={search_term_string}"},"query-input":{"@type":"PropertyValueSpecification","valueRequired":true,"valueName":"search_term_string"}}],"inLanguage":"en-GB"}]}},"_links":{"self":[{"href":"https:\/\/gjerdesystem.no\/en\/wp-json\/wp\/v2\/pages\/98","targetHints":{"allow":["GET"]}}],"collection":[{"href":"https:\/\/gjerdesystem.no\/en\/wp-json\/wp\/v2\/pages"}],"about":[{"href":"https:\/\/gjerdesystem.no\/en\/wp-json\/wp\/v2\/types\/page"}],"author":[{"embeddable":true,"href":"https:\/\/gjerdesystem.no\/en\/wp-json\/wp\/v2\/users\/1"}],"replies":[{"embeddable":true,"href":"https:\/\/gjerdesystem.no\/en\/wp-json\/wp\/v2\/comments?post=98"}],"version-history":[{"count":6,"href":"https:\/\/gjerdesystem.no\/en\/wp-json\/wp\/v2\/pages\/98\/revisions"}],"predecessor-version":[{"id":478,"href":"https:\/\/gjerdesystem.no\/en\/wp-json\/wp\/v2\/pages\/98\/revisions\/478"}],"up":[{"embeddable":true,"href":"https:\/\/gjerdesystem.no\/en\/wp-json\/wp\/v2\/pages\/88"}],"wp:attachment":[{"href":"https:\/\/gjerdesystem.no\/en\/wp-json\/wp\/v2\/media?parent=98"}],"curies":[{"name":"wp","href":"https:\/\/api.w.org\/{rel}","templated":true}]}}